  {"id":9052,"date":"2024-05-10T13:29:48","date_gmt":"2024-05-10T11:29:48","guid":{"rendered":"https:\/\/inol.uni.opole.pl\/doctorates\/"},"modified":"2026-04-28T00:08:46","modified_gmt":"2026-04-27T22:08:46","slug":"doctorates","status":"publish","type":"page","link":"https:\/\/inol.uni.opole.pl\/en\/doctorates\/","title":{"rendered":"Doctorates"},"content":{"rendered":"\t\t<div data-elementor-type=\"wp-page\" data-elementor-id=\"9052\" class=\"elementor elementor-9052 elementor-4371\" data-elementor-post-type=\"page\">\n\t\t\t\t<div class=\"elementor-element elementor-element-4d35ab27 e-flex e-con-boxed e-con e-parent\" data-id=\"4d35ab27\" data-element_type=\"container\" data-e-type=\"container\" data-settings=\"{&quot;jet_parallax_layout_list&quot;:[]}\">\n\t\t\t\t\t<div class=\"e-con-inner\">\n\t\t\t\t<div class=\"elementor-element elementor-element-7571fac9 elementor-widget elementor-widget-heading\" data-id=\"7571fac9\" data-element_type=\"widget\" data-e-type=\"widget\" data-widget_type=\"heading.default\">\n\t\t\t\t<div class=\"elementor-widget-container\">\n\t\t\t\t\t<h1 class=\"elementor-heading-title elementor-size-default\">Doctorates<\/h1>\t\t\t\t<\/div>\n\t\t\t\t<\/div>\n\t\t\t\t\t<\/div>\n\t\t\t\t<\/div>\n\t\t<div class=\"elementor-element elementor-element-7b29934e e-flex e-con-boxed e-con e-parent\" data-id=\"7b29934e\" data-element_type=\"container\" data-e-type=\"container\" data-settings=\"{&quot;jet_parallax_layout_list&quot;:[]}\">\n\t\t\t\t\t<div class=\"e-con-inner\">\n\t\t\t\t<div class=\"elementor-element elementor-element-2fb454d8 elementor-widget elementor-widget-heading\" data-id=\"2fb454d8\" data-element_type=\"widget\" data-e-type=\"widget\" data-widget_type=\"heading.default\">\n\t\t\t\t<div class=\"elementor-widget-container\">\n\t\t\t\t\t<p class=\"elementor-heading-title elementor-size-default\">Doctoral proceedings in the new procedure<\/p>\t\t\t\t<\/div>\n\t\t\t\t<\/div>\n\t\t\t\t\t<\/div>\n\t\t\t\t<\/div>\n\t\t<div class=\"elementor-element elementor-element-3809dbb1 e-flex e-con-boxed e-con e-parent\" data-id=\"3809dbb1\" data-element_type=\"container\" data-e-type=\"container\" data-settings=\"{&quot;jet_parallax_layout_list&quot;:[]}\">\n\t\t\t\t\t<div class=\"e-con-inner\">\n\t\t<div class=\"elementor-element elementor-element-47146424 e-flex e-con-boxed e-con e-child\" data-id=\"47146424\" data-element_type=\"container\" data-e-type=\"container\" data-settings=\"{&quot;jet_parallax_layout_list&quot;:[]}\">\n\t\t\t\t\t<div class=\"e-con-inner\">\n\t\t\t\t<div class=\"elementor-element elementor-element-92ea68d elementor-widget elementor-widget-text-editor\" data-id=\"92ea68d\" data-element_type=\"widget\" data-e-type=\"widget\" data-widget_type=\"text-editor.default\">\n\t\t\t\t<div class=\"elementor-widget-container\">\n\t\t\t\t\t\t\t\t\t<p><a href=\"https:\/\/awanse.uni.opole.pl\/postepowanie-doktorskie-w-nowym-trybie-zakonczone\/\" target=\"_blank\" rel=\"noopener\">Post\u0119powania doktorskie w nowym trybie &#8211; zako\u0144czone<\/a><br \/><a href=\"https:\/\/awanse.uni.opole.pl\/postepowania-doktorskie-w-nowym-trybie-w-trakcie\/\" target=\"_blank\" rel=\"noopener\">Post\u0119powania doktorskie w nowym trybie &#8211; w trakcie<\/a><\/p>\n\t\t\t\t\t\t\t\t<\/div>\n\t\t\t\t<\/div>\n\t\t\t\t\t<\/div>\n\t\t\t\t<\/div>\n\t\t\t\t\t<\/div>\n\t\t\t\t<\/div>\n\t\t<div class=\"elementor-element elementor-element-792385b e-flex e-con-boxed e-con e-parent\" data-id=\"792385b\" data-element_type=\"container\" data-e-type=\"container\" data-settings=\"{&quot;jet_parallax_layout_list&quot;:[]}\">\n\t\t\t\t\t<div class=\"e-con-inner\">\n\t\t\t\t\t<\/div>\n\t\t\t\t<\/div>\n\t\t<div class=\"elementor-element elementor-element-3dd4586 e-flex e-con-boxed e-con e-parent\" data-id=\"3dd4586\" data-element_type=\"container\" data-e-type=\"container\" data-settings=\"{&quot;jet_parallax_layout_list&quot;:[]}\">\n\t\t\t\t\t<div class=\"e-con-inner\">\n\t\t\t\t<div class=\"elementor-element elementor-element-e9be88b elementor-widget elementor-widget-heading\" data-id=\"e9be88b\" data-element_type=\"widget\" data-e-type=\"widget\" data-widget_type=\"heading.default\">\n\t\t\t\t<div class=\"elementor-widget-container\">\n\t\t\t\t\t<p class=\"elementor-heading-title elementor-size-default\">Doctoral dissertations<\/p>\t\t\t\t<\/div>\n\t\t\t\t<\/div>\n\t\t\t\t\t<\/div>\n\t\t\t\t<\/div>\n\t\t<div class=\"elementor-element elementor-element-156d3bb1 e-flex e-con-boxed e-con e-parent\" data-id=\"156d3bb1\" data-element_type=\"container\" data-e-type=\"container\" data-settings=\"{&quot;jet_parallax_layout_list&quot;:[]}\">\n\t\t\t\t\t<div class=\"e-con-inner\">\n\t\t<div class=\"elementor-element elementor-element-34906684 e-flex e-con-boxed e-con e-child\" data-id=\"34906684\" data-element_type=\"container\" data-e-type=\"container\" data-settings=\"{&quot;jet_parallax_layout_list&quot;:[]}\">\n\t\t\t\t\t<div class=\"e-con-inner\">\n\t\t\t\t<div class=\"elementor-element elementor-element-4ddb9fe elementor-widget elementor-widget-text-editor\" data-id=\"4ddb9fe\" data-element_type=\"widget\" data-e-type=\"widget\" data-widget_type=\"text-editor.default\">\n\t\t\t\t<div class=\"elementor-widget-container\">\n\t\t\t\t\t\t\t\t\t<p><a href=\"https:\/\/awanse.uni.opole.pl\/postepowanie-doktorskie-zakonczone\/\" target=\"_blank\" rel=\"noopener\">Przewody doktorskie &#8211; zako\u0144czonych<\/a><br \/><a href=\"https:\/\/awanse.uni.opole.pl\/postepowania-doktorskie-w-trakcie\/\" target=\"_blank\" rel=\"noopener\">Przewody doktorskie &#8211; w trakcie<\/a><\/p>\n\t\t\t\t\t\t\t\t<\/div>\n\t\t\t\t<\/div>\n\t\t\t\t\t<\/div>\n\t\t\t\t<\/div>\n\t\t\t\t\t<\/div>\n\t\t\t\t<\/div>\n\t\t<div class=\"elementor-element elementor-element-60d8aa09 e-flex e-con-boxed e-con e-parent\" data-id=\"60d8aa09\" data-element_type=\"container\" data-e-type=\"container\" data-settings=\"{&quot;jet_parallax_layout_list&quot;:[]}\">\n\t\t\t\t\t<div class=\"e-con-inner\">\n\t\t\t\t\t<\/div>\n\t\t\t\t<\/div>\n\t\t<div class=\"elementor-element elementor-element-687987d e-flex e-con-boxed e-con e-parent\" data-id=\"687987d\" data-element_type=\"container\" data-e-type=\"container\" data-settings=\"{&quot;jet_parallax_layout_list&quot;:[]}\">\n\t\t\t\t\t<div class=\"e-con-inner\">\n\t\t\t\t<div class=\"elementor-element elementor-element-39ceccc elementor-widget elementor-widget-heading\" data-id=\"39ceccc\" data-element_type=\"widget\" data-e-type=\"widget\" data-widget_type=\"heading.default\">\n\t\t\t\t<div class=\"elementor-widget-container\">\n\t\t\t\t\t<p class=\"elementor-heading-title elementor-size-default\">Doctoral students in the discipline of literary studies<\/p>\t\t\t\t<\/div>\n\t\t\t\t<\/div>\n\t\t\t\t\t<\/div>\n\t\t\t\t<\/div>\n\t\t<div class=\"elementor-element elementor-element-6c146bc e-flex e-con-boxed e-con e-parent\" data-id=\"6c146bc\" data-element_type=\"container\" data-e-type=\"container\" data-settings=\"{&quot;jet_parallax_layout_list&quot;:[]}\">\n\t\t\t\t\t<div class=\"e-con-inner\">\n\t\t<div class=\"elementor-element elementor-element-255e351e e-flex e-con-boxed e-con e-child\" data-id=\"255e351e\" data-element_type=\"container\" data-e-type=\"container\" data-settings=\"{&quot;jet_parallax_layout_list&quot;:[]}\">\n\t\t\t\t\t<div class=\"e-con-inner\">\n\t\t\t\t<div class=\"elementor-element elementor-element-ce8dd76 elementor-widget elementor-widget-text-editor\" data-id=\"ce8dd76\" data-element_type=\"widget\" data-e-type=\"widget\" data-widget_type=\"text-editor.default\">\n\t\t\t\t<div class=\"elementor-widget-container\">\n\t\t\t\t\t\t\t\t\t<p><strong>mgr Magdalena Szolc<br \/><\/strong>Promotor: <strong>prof. dr hab. Ryszard Wolny<br \/><\/strong><\/p>\n<p><strong>mgr Wiktoria Blatkiewicz<br \/><\/strong>Promotor: <strong>dr hab. Aleksandra Paj\u0105k-G\u0142ogiewicz, prof. UO<\/strong><\/p>\n\t\t\t\t\t\t\t\t<\/div>\n\t\t\t\t<\/div>\n\t\t\t\t\t<\/div>\n\t\t\t\t<\/div>\n\t\t\t\t\t<\/div>\n\t\t\t\t<\/div>\n\t\t<div class=\"elementor-element elementor-element-6fd3e3d7 e-flex e-con-boxed e-con e-parent\" data-id=\"6fd3e3d7\" data-element_type=\"container\" data-e-type=\"container\" data-settings=\"{&quot;jet_parallax_layout_list&quot;:[]}\">\n\t\t\t\t\t<div class=\"e-con-inner\">\n\t\t\t\t\t<\/div>\n\t\t\t\t<\/div>\n\t\t\t\t<\/div>\n\t\t","protected":false},"excerpt":{"rendered":"<p>Doctorates Doctoral proceedings in the new procedure Post\u0119powania doktorskie w nowym trybie &#8211; zako\u0144czonePost\u0119powania doktorskie w nowym trybie &#8211; w trakcie Doctoral dissertations Przewody doktorskie &#8211; zako\u0144czonychPrzewody doktorskie &#8211; w trakcie Doctoral students in the discipline of literary studies mgr Magdalena SzolcPromotor: prof. dr hab. Ryszard Wolny mgr Wiktoria BlatkiewiczPromotor: dr hab. Aleksandra Paj\u0105k-G\u0142ogiewicz, prof. [&hellip;]<\/p>\n","protected":false},"author":5,"featured_media":0,"parent":0,"menu_order":0,"comment_status":"closed","ping_status":"closed","template":"","meta":{"footnotes":""},"class_list":["post-9052","page","type-page","status-publish","hentry"],"_links":{"self":[{"href":"https:\/\/inol.uni.opole.pl\/en\/wp-json\/wp\/v2\/pages\/9052","targetHints":{"allow":["GET"]}}],"collection":[{"href":"https:\/\/inol.uni.opole.pl\/en\/wp-json\/wp\/v2\/pages"}],"about":[{"href":"https:\/\/inol.uni.opole.pl\/en\/wp-json\/wp\/v2\/types\/page"}],"author":[{"embeddable":true,"href":"https:\/\/inol.uni.opole.pl\/en\/wp-json\/wp\/v2\/users\/5"}],"replies":[{"embeddable":true,"href":"https:\/\/inol.uni.opole.pl\/en\/wp-json\/wp\/v2\/comments?post=9052"}],"version-history":[{"count":1,"href":"https:\/\/inol.uni.opole.pl\/en\/wp-json\/wp\/v2\/pages\/9052\/revisions"}],"predecessor-version":[{"id":9053,"href":"https:\/\/inol.uni.opole.pl\/en\/wp-json\/wp\/v2\/pages\/9052\/revisions\/9053"}],"wp:attachment":[{"href":"https:\/\/inol.uni.opole.pl\/en\/wp-json\/wp\/v2\/media?parent=9052"}],"curies":[{"name":"wp","href":"https:\/\/api.w.org\/{rel}","templated":true}]}}