  {"id":9049,"date":"2024-05-10T13:29:37","date_gmt":"2024-05-10T11:29:37","guid":{"rendered":"https:\/\/inol.uni.opole.pl\/habilitations\/"},"modified":"2026-04-28T00:04:45","modified_gmt":"2026-04-27T22:04:45","slug":"habilitations","status":"publish","type":"page","link":"https:\/\/inol.uni.opole.pl\/en\/habilitations\/","title":{"rendered":"Habilitations"},"content":{"rendered":"\t\t<div data-elementor-type=\"wp-page\" data-elementor-id=\"9049\" class=\"elementor elementor-9049 elementor-4368\" data-elementor-post-type=\"page\">\n\t\t\t\t<div class=\"elementor-element elementor-element-757044e6 e-flex e-con-boxed e-con e-parent\" data-id=\"757044e6\" data-element_type=\"container\" data-e-type=\"container\" data-settings=\"{&quot;jet_parallax_layout_list&quot;:[]}\">\n\t\t\t\t\t<div class=\"e-con-inner\">\n\t\t\t\t<div class=\"elementor-element elementor-element-1b297817 elementor-widget elementor-widget-heading\" data-id=\"1b297817\" data-element_type=\"widget\" data-e-type=\"widget\" data-widget_type=\"heading.default\">\n\t\t\t\t<div class=\"elementor-widget-container\">\n\t\t\t\t\t<h1 class=\"elementor-heading-title elementor-size-default\">Habilitations<\/h1>\t\t\t\t<\/div>\n\t\t\t\t<\/div>\n\t\t\t\t\t<\/div>\n\t\t\t\t<\/div>\n\t\t<div class=\"elementor-element elementor-element-1adc74ba e-flex e-con-boxed e-con e-parent\" data-id=\"1adc74ba\" data-element_type=\"container\" data-e-type=\"container\" data-settings=\"{&quot;jet_parallax_layout_list&quot;:[]}\">\n\t\t\t\t\t<div class=\"e-con-inner\">\n\t\t\t\t<div class=\"elementor-element elementor-element-58a05129 elementor-widget elementor-widget-heading\" data-id=\"58a05129\" data-element_type=\"widget\" data-e-type=\"widget\" data-widget_type=\"heading.default\">\n\t\t\t\t<div class=\"elementor-widget-container\">\n\t\t\t\t\t<p class=\"elementor-heading-title elementor-size-default\">Habilitation proceedings<\/p>\t\t\t\t<\/div>\n\t\t\t\t<\/div>\n\t\t\t\t\t<\/div>\n\t\t\t\t<\/div>\n\t\t<div class=\"elementor-element elementor-element-50b32103 e-flex e-con-boxed e-con e-parent\" data-id=\"50b32103\" data-element_type=\"container\" data-e-type=\"container\" data-settings=\"{&quot;jet_parallax_layout_list&quot;:[]}\">\n\t\t\t\t\t<div class=\"e-con-inner\">\n\t\t<div class=\"elementor-element elementor-element-46a54295 e-flex e-con-boxed e-con e-child\" data-id=\"46a54295\" data-element_type=\"container\" data-e-type=\"container\" data-settings=\"{&quot;jet_parallax_layout_list&quot;:[]}\">\n\t\t\t\t\t<div class=\"e-con-inner\">\n\t\t\t\t<div class=\"elementor-element elementor-element-46f3415 elementor-widget elementor-widget-text-editor\" data-id=\"46f3415\" data-element_type=\"widget\" data-e-type=\"widget\" data-widget_type=\"text-editor.default\">\n\t\t\t\t<div class=\"elementor-widget-container\">\n\t\t\t\t\t\t\t\t\t<p><a href=\"https:\/\/awanse.uni.opole.pl\/postepowania-habilitacyjne-zakonczone\/\" target=\"_blank\" rel=\"noopener\">Post\u0119powania habilitacyjne &#8211; zako\u0144czone<\/a><br \/><a href=\"https:\/\/awanse.uni.opole.pl\/postepowania-habilitacyjne-w-trakcie\/\" target=\"_blank\" rel=\"noopener\">Post\u0119powania habilitacyjne &#8211; w trakcie<\/a><\/p>\n\t\t\t\t\t\t\t\t<\/div>\n\t\t\t\t<\/div>\n\t\t\t\t\t<\/div>\n\t\t\t\t<\/div>\n\t\t\t\t\t<\/div>\n\t\t\t\t<\/div>\n\t\t<div class=\"elementor-element elementor-element-1e856662 e-flex e-con-boxed e-con e-parent\" data-id=\"1e856662\" data-element_type=\"container\" data-e-type=\"container\" data-settings=\"{&quot;jet_parallax_layout_list&quot;:[]}\">\n\t\t\t\t\t<div class=\"e-con-inner\">\n\t\t\t\t\t<\/div>\n\t\t\t\t<\/div>\n\t\t\t\t<\/div>\n\t\t","protected":false},"excerpt":{"rendered":"<p>Habilitations Habilitation proceedings Post\u0119powania habilitacyjne &#8211; zako\u0144czonePost\u0119powania habilitacyjne &#8211; w trakcie<\/p>\n","protected":false},"author":5,"featured_media":0,"parent":0,"menu_order":0,"comment_status":"closed","ping_status":"closed","template":"","meta":{"footnotes":""},"class_list":["post-9049","page","type-page","status-publish","hentry"],"_links":{"self":[{"href":"https:\/\/inol.uni.opole.pl\/en\/wp-json\/wp\/v2\/pages\/9049","targetHints":{"allow":["GET"]}}],"collection":[{"href":"https:\/\/inol.uni.opole.pl\/en\/wp-json\/wp\/v2\/pages"}],"about":[{"href":"https:\/\/inol.uni.opole.pl\/en\/wp-json\/wp\/v2\/types\/page"}],"author":[{"embeddable":true,"href":"https:\/\/inol.uni.opole.pl\/en\/wp-json\/wp\/v2\/users\/5"}],"replies":[{"embeddable":true,"href":"https:\/\/inol.uni.opole.pl\/en\/wp-json\/wp\/v2\/comments?post=9049"}],"version-history":[{"count":1,"href":"https:\/\/inol.uni.opole.pl\/en\/wp-json\/wp\/v2\/pages\/9049\/revisions"}],"predecessor-version":[{"id":9050,"href":"https:\/\/inol.uni.opole.pl\/en\/wp-json\/wp\/v2\/pages\/9049\/revisions\/9050"}],"wp:attachment":[{"href":"https:\/\/inol.uni.opole.pl\/en\/wp-json\/wp\/v2\/media?parent=9049"}],"curies":[{"name":"wp","href":"https:\/\/api.w.org\/{rel}","templated":true}]}}