  {"id":8999,"date":"2024-05-10T13:25:30","date_gmt":"2024-05-10T11:25:30","guid":{"rendered":"https:\/\/inol.uni.opole.pl\/partner-institutions\/"},"modified":"2026-04-27T12:49:26","modified_gmt":"2026-04-27T10:49:26","slug":"partner-institutions","status":"publish","type":"page","link":"https:\/\/inol.uni.opole.pl\/en\/partner-institutions\/","title":{"rendered":"Partner Institutions"},"content":{"rendered":"\t\t<div data-elementor-type=\"wp-page\" data-elementor-id=\"8999\" class=\"elementor elementor-8999 elementor-4353\" data-elementor-post-type=\"page\">\n\t\t\t\t<div class=\"elementor-element elementor-element-2abcb41d e-flex e-con-boxed e-con e-parent\" data-id=\"2abcb41d\" data-element_type=\"container\" data-e-type=\"container\" data-settings=\"{&quot;jet_parallax_layout_list&quot;:[]}\">\n\t\t\t\t\t<div class=\"e-con-inner\">\n\t\t\t\t<div class=\"elementor-element elementor-element-15a6276b elementor-widget elementor-widget-heading\" data-id=\"15a6276b\" data-element_type=\"widget\" data-e-type=\"widget\" data-widget_type=\"heading.default\">\n\t\t\t\t<div class=\"elementor-widget-container\">\n\t\t\t\t\t<h1 class=\"elementor-heading-title elementor-size-default\">Partner Institutions<\/h1>\t\t\t\t<\/div>\n\t\t\t\t<\/div>\n\t\t\t\t\t<\/div>\n\t\t\t\t<\/div>\n\t\t<div class=\"elementor-element elementor-element-69cd9c32 e-flex e-con-boxed e-con e-parent\" data-id=\"69cd9c32\" data-element_type=\"container\" data-e-type=\"container\" data-settings=\"{&quot;jet_parallax_layout_list&quot;:[]}\">\n\t\t\t\t\t<div class=\"e-con-inner\">\n\t\t<div class=\"elementor-element elementor-element-41d8efb1 e-flex e-con-boxed e-con e-child\" data-id=\"41d8efb1\" data-element_type=\"container\" data-e-type=\"container\" data-settings=\"{&quot;jet_parallax_layout_list&quot;:[]}\">\n\t\t\t\t\t<div class=\"e-con-inner\">\n\t\t\t\t\t<\/div>\n\t\t\t\t<\/div>\n\t\t\t\t\t<\/div>\n\t\t\t\t<\/div>\n\t\t<div class=\"elementor-element elementor-element-195df421 e-flex e-con-boxed e-con e-parent\" data-id=\"195df421\" data-element_type=\"container\" data-e-type=\"container\" data-settings=\"{&quot;jet_parallax_layout_list&quot;:[]}\">\n\t\t\t\t\t<div class=\"e-con-inner\">\n\t\t\t\t\t<\/div>\n\t\t\t\t<\/div>\n\t\t<div class=\"elementor-element elementor-element-445195b e-flex e-con-boxed e-con e-parent\" data-id=\"445195b\" data-element_type=\"container\" data-e-type=\"container\" data-settings=\"{&quot;jet_parallax_layout_list&quot;:[]}\">\n\t\t\t\t\t<div class=\"e-con-inner\">\n\t\t\t\t<div class=\"elementor-element elementor-element-54465d2 elementor-widget elementor-widget-heading\" data-id=\"54465d2\" data-element_type=\"widget\" data-e-type=\"widget\" data-widget_type=\"heading.default\">\n\t\t\t\t<div class=\"elementor-widget-container\">\n\t\t\t\t\t<p class=\"elementor-heading-title elementor-size-default\">Department of French and Francophone Literature, University of Opole<\/p>\t\t\t\t<\/div>\n\t\t\t\t<\/div>\n\t\t\t\t\t<\/div>\n\t\t\t\t<\/div>\n\t\t<div class=\"elementor-element elementor-element-72467da9 e-flex e-con-boxed e-con e-parent\" data-id=\"72467da9\" data-element_type=\"container\" data-e-type=\"container\" data-settings=\"{&quot;jet_parallax_layout_list&quot;:[]}\">\n\t\t\t\t\t<div class=\"e-con-inner\">\n\t\t<div class=\"elementor-element elementor-element-5d034d78 e-flex e-con-boxed e-con e-child\" data-id=\"5d034d78\" data-element_type=\"container\" data-e-type=\"container\" data-settings=\"{&quot;jet_parallax_layout_list&quot;:[]}\">\n\t\t\t\t\t<div class=\"e-con-inner\">\n\t\t\t\t<div class=\"elementor-element elementor-element-44edcd9 elementor-widget elementor-widget-text-editor\" data-id=\"44edcd9\" data-element_type=\"widget\" data-e-type=\"widget\" data-widget_type=\"text-editor.default\">\n\t\t\t\t<div class=\"elementor-widget-container\">\n\t\t\t\t\t\t\t\t\t<p>The Department is an associate partner of the University of Gda\u0144sk <strong>within the European Program<\/strong> Flevolution <em>XXI Century Skills in French Language Learning and Teaching at Higher Levels through Contemporary French Literature<\/em>. Literary Workshop.<\/p>\n<p>Actively implementing an internationalization program\u2014for the development of the university, the Faculty of Philology, and the Institute of Literary Studies\u2014it maintains active contact with French universities (Universit\u00e9 Paris 13, Universit\u00e9 Sorbonne Paris Nord, Institut Catholique de Toulouse) and Italian universities (Universit\u00e0 Aldo Moro in Bari).<\/p>\n<p>The Department also cooperates with the City Hall, the socio-economic environment, and entrepreneurs (external stakeholders, e.g., Capgemini, Stefanini, UFI Filters, and local companies such as Selt, Aluprof, and others).<\/p>\n\t\t\t\t\t\t\t\t<\/div>\n\t\t\t\t<\/div>\n\t\t\t\t\t<\/div>\n\t\t\t\t<\/div>\n\t\t\t\t\t<\/div>\n\t\t\t\t<\/div>\n\t\t<div class=\"elementor-element elementor-element-51ef928f e-flex e-con-boxed e-con e-parent\" data-id=\"51ef928f\" data-element_type=\"container\" data-e-type=\"container\" data-settings=\"{&quot;jet_parallax_layout_list&quot;:[]}\">\n\t\t\t\t\t<div class=\"e-con-inner\">\n\t\t\t\t\t<\/div>\n\t\t\t\t<\/div>\n\t\t<div class=\"elementor-element elementor-element-50b959df e-flex e-con-boxed e-con e-parent\" data-id=\"50b959df\" data-element_type=\"container\" data-e-type=\"container\" data-settings=\"{&quot;jet_parallax_layout_list&quot;:[]}\">\n\t\t\t\t\t<div class=\"e-con-inner\">\n\t\t\t\t<div class=\"elementor-element elementor-element-63993275 elementor-widget elementor-widget-heading\" data-id=\"63993275\" data-element_type=\"widget\" data-e-type=\"widget\" data-widget_type=\"heading.default\">\n\t\t\t\t<div class=\"elementor-widget-container\">\n\t\t\t\t\t<p class=\"elementor-heading-title elementor-size-default\">Department of Slavic Literatures, University of Opole<\/p>\t\t\t\t<\/div>\n\t\t\t\t<\/div>\n\t\t\t\t\t<\/div>\n\t\t\t\t<\/div>\n\t\t<div class=\"elementor-element elementor-element-9ed54c4 e-flex e-con-boxed e-con e-parent\" data-id=\"9ed54c4\" data-element_type=\"container\" data-e-type=\"container\" data-settings=\"{&quot;jet_parallax_layout_list&quot;:[]}\">\n\t\t\t\t\t<div class=\"e-con-inner\">\n\t\t<div class=\"elementor-element elementor-element-10bf3eb e-flex e-con-boxed e-con e-child\" data-id=\"10bf3eb\" data-element_type=\"container\" data-e-type=\"container\" data-settings=\"{&quot;jet_parallax_layout_list&quot;:[]}\">\n\t\t\t\t\t<div class=\"e-con-inner\">\n\t\t\t\t<div class=\"elementor-element elementor-element-2df4f56 elementor-widget elementor-widget-text-editor\" data-id=\"2df4f56\" data-element_type=\"widget\" data-e-type=\"widget\" data-widget_type=\"text-editor.default\">\n\t\t\t\t<div class=\"elementor-widget-container\">\n\t\t\t\t\t\t\t\t\t<p>Staff members of the Department of Slavic Literatures collaborate in various forms and forums with the following institutions:<\/p>\n<ul>\n<li>Institute of Czech Literature, Academy of Sciences of the Czech Republic, v. v. i. \/ Institute of Czech Literature, Academy of Sciences of the Czech Republic<\/li>\n<li>Slavic Institute, Academy of Sciences of the Czech Republic, v. v. i. \/ Slavic Institute, Academy of Sciences of the Czech Republic<\/li>\n<li>Silesian University in Opava, Palack\u00fd University in Olomouc, University of South Bohemia in \u010cesk\u00e9 Bud\u011bjovice, University of Ostrava<\/li>\n<li>Program Council of the Polish-Czech Forum at the Ministry of Foreign Affairs<\/li>\n<li>Polish Academy of Arts and Sciences<\/li>\n<li>Society for Polish-Eastern Cooperation<\/li>\n<li>Central European Laboratory at the Institute of Slavic Studies of the Polish Academy of Sciences<\/li>\n<li>editorial board of the journal \u201cPrace Filologiczne. Literaturoznawstwo\u201d<\/li>\n<\/ul>\n\t\t\t\t\t\t\t\t<\/div>\n\t\t\t\t<\/div>\n\t\t\t\t\t<\/div>\n\t\t\t\t<\/div>\n\t\t\t\t\t<\/div>\n\t\t\t\t<\/div>\n\t\t<div class=\"elementor-element elementor-element-7abdd6c e-flex e-con-boxed e-con e-parent\" data-id=\"7abdd6c\" data-element_type=\"container\" data-e-type=\"container\" data-settings=\"{&quot;jet_parallax_layout_list&quot;:[]}\">\n\t\t\t\t\t<div class=\"e-con-inner\">\n\t\t\t\t\t<\/div>\n\t\t\t\t<\/div>\n\t\t<div class=\"elementor-element elementor-element-886a615 e-flex e-con-boxed e-con e-parent\" data-id=\"886a615\" data-element_type=\"container\" data-e-type=\"container\" data-settings=\"{&quot;jet_parallax_layout_list&quot;:[]}\">\n\t\t\t\t\t<div class=\"e-con-inner\">\n\t\t\t\t<div class=\"elementor-element elementor-element-f0be6bf elementor-widget elementor-widget-heading\" data-id=\"f0be6bf\" data-element_type=\"widget\" data-e-type=\"widget\" data-widget_type=\"heading.default\">\n\t\t\t\t<div class=\"elementor-widget-container\">\n\t\t\t\t\t<p class=\"elementor-heading-title elementor-size-default\">Department of Polish Literature, University of Opole<\/p>\t\t\t\t<\/div>\n\t\t\t\t<\/div>\n\t\t\t\t\t<\/div>\n\t\t\t\t<\/div>\n\t\t<div class=\"elementor-element elementor-element-f2a2240 e-flex e-con-boxed e-con e-parent\" data-id=\"f2a2240\" data-element_type=\"container\" data-e-type=\"container\" data-settings=\"{&quot;jet_parallax_layout_list&quot;:[]}\">\n\t\t\t\t\t<div class=\"e-con-inner\">\n\t\t<div class=\"elementor-element elementor-element-1ba6daa e-flex e-con-boxed e-con e-child\" data-id=\"1ba6daa\" data-element_type=\"container\" data-e-type=\"container\" data-settings=\"{&quot;jet_parallax_layout_list&quot;:[]}\">\n\t\t\t\t\t<div class=\"e-con-inner\">\n\t\t\t\t<div class=\"elementor-element elementor-element-2e032f1 elementor-widget elementor-widget-text-editor\" data-id=\"2e032f1\" data-element_type=\"widget\" data-e-type=\"widget\" data-widget_type=\"text-editor.default\">\n\t\t\t\t<div class=\"elementor-widget-container\">\n\t\t\t\t\t\t\t\t\t<p>Staff members of the Department of Polish Literature actively participate (by giving lectures for young people, organizing author meetings, and producing radio programs devoted to literature and culture) in cooperation with institutions that promote science and popularize literary and Polish studies, e.g., the Municipal Public Library in Opole, the Provincial Public Library in Opole, the Provincial Pedagogical Library in Opole, and Radio Opole.<\/p>\n<p>Dr. Adrian Gle\u0144, Prof. UO (chair) and Dr. Ma\u0142gorzata Burzka-Janik (member) serve on the Regional Committee of the Polish Language and Literature Olympiad for elementary and secondary schools, thereby collaborating with the Municipal Center for Educational Support in Opole.<\/p>\n\t\t\t\t\t\t\t\t<\/div>\n\t\t\t\t<\/div>\n\t\t\t\t\t<\/div>\n\t\t\t\t<\/div>\n\t\t\t\t\t<\/div>\n\t\t\t\t<\/div>\n\t\t<div class=\"elementor-element elementor-element-4a929a0 e-flex e-con-boxed e-con e-parent\" data-id=\"4a929a0\" data-element_type=\"container\" data-e-type=\"container\" data-settings=\"{&quot;jet_parallax_layout_list&quot;:[]}\">\n\t\t\t\t\t<div class=\"e-con-inner\">\n\t\t\t\t\t<\/div>\n\t\t\t\t<\/div>\n\t\t<div class=\"elementor-element elementor-element-fa70371 e-flex e-con-boxed e-con e-parent\" data-id=\"fa70371\" data-element_type=\"container\" data-e-type=\"container\" data-settings=\"{&quot;jet_parallax_layout_list&quot;:[]}\">\n\t\t\t\t\t<div class=\"e-con-inner\">\n\t\t\t\t<div class=\"elementor-element elementor-element-4715dd6 elementor-widget elementor-widget-heading\" data-id=\"4715dd6\" data-element_type=\"widget\" data-e-type=\"widget\" data-widget_type=\"heading.default\">\n\t\t\t\t<div class=\"elementor-widget-container\">\n\t\t\t\t\t<p class=\"elementor-heading-title elementor-size-default\">Department of European Cultural Heritage Studies<\/p>\t\t\t\t<\/div>\n\t\t\t\t<\/div>\n\t\t\t\t\t<\/div>\n\t\t\t\t<\/div>\n\t\t<div class=\"elementor-element elementor-element-670795d e-flex e-con-boxed e-con e-parent\" data-id=\"670795d\" data-element_type=\"container\" data-e-type=\"container\" data-settings=\"{&quot;jet_parallax_layout_list&quot;:[]}\">\n\t\t\t\t\t<div class=\"e-con-inner\">\n\t\t<div class=\"elementor-element elementor-element-b5387dc e-flex e-con-boxed e-con e-child\" data-id=\"b5387dc\" data-element_type=\"container\" data-e-type=\"container\" data-settings=\"{&quot;jet_parallax_layout_list&quot;:[]}\">\n\t\t\t\t\t<div class=\"e-con-inner\">\n\t\t\t\t<div class=\"elementor-element elementor-element-58df85c elementor-widget elementor-widget-text-editor\" data-id=\"58df85c\" data-element_type=\"widget\" data-e-type=\"widget\" data-widget_type=\"text-editor.default\">\n\t\t\t\t<div class=\"elementor-widget-container\">\n\t\t\t\t\t\t\t\t\t<p>The Department of European Cultural Heritage Studies collaborates with:<\/p>\n<ul>\n<li>Accademia dei Rampanti (Rubano, Padua)<\/li>\n<li>Center for Early Modern Studies (University of Opole)<\/li>\n<li>State Archives in Opole<\/li>\n<li>Polonika Institute (Warsaw)<\/li>\n<\/ul>\n\t\t\t\t\t\t\t\t<\/div>\n\t\t\t\t<\/div>\n\t\t\t\t\t<\/div>\n\t\t\t\t<\/div>\n\t\t\t\t\t<\/div>\n\t\t\t\t<\/div>\n\t\t<div class=\"elementor-element elementor-element-1fd39f4 e-flex e-con-boxed e-con e-parent\" data-id=\"1fd39f4\" data-element_type=\"container\" data-e-type=\"container\" data-settings=\"{&quot;jet_parallax_layout_list&quot;:[]}\">\n\t\t\t\t\t<div class=\"e-con-inner\">\n\t\t\t\t\t<\/div>\n\t\t\t\t<\/div>\n\t\t<div class=\"elementor-element elementor-element-83bb21f e-flex e-con-boxed e-con e-parent\" data-id=\"83bb21f\" data-element_type=\"container\" data-e-type=\"container\" data-settings=\"{&quot;jet_parallax_layout_list&quot;:[]}\">\n\t\t\t\t\t<div class=\"e-con-inner\">\n\t\t\t\t<div class=\"elementor-element elementor-element-c5051f7 elementor-widget elementor-widget-heading\" data-id=\"c5051f7\" data-element_type=\"widget\" data-e-type=\"widget\" data-widget_type=\"heading.default\">\n\t\t\t\t<div class=\"elementor-widget-container\">\n\t\t\t\t\t<p class=\"elementor-heading-title elementor-size-default\">Department of German-Language Literature<\/p>\t\t\t\t<\/div>\n\t\t\t\t<\/div>\n\t\t\t\t\t<\/div>\n\t\t\t\t<\/div>\n\t\t<div class=\"elementor-element elementor-element-d5da273 e-flex e-con-boxed e-con e-parent\" data-id=\"d5da273\" data-element_type=\"container\" data-e-type=\"container\" data-settings=\"{&quot;jet_parallax_layout_list&quot;:[]}\">\n\t\t\t\t\t<div class=\"e-con-inner\">\n\t\t<div class=\"elementor-element elementor-element-3c255da e-flex e-con-boxed e-con e-child\" data-id=\"3c255da\" data-element_type=\"container\" data-e-type=\"container\" data-settings=\"{&quot;jet_parallax_layout_list&quot;:[]}\">\n\t\t\t\t\t<div class=\"e-con-inner\">\n\t\t\t\t<div class=\"elementor-element elementor-element-dfc4a51 elementor-widget elementor-widget-text-editor\" data-id=\"dfc4a51\" data-element_type=\"widget\" data-e-type=\"widget\" data-widget_type=\"text-editor.default\">\n\t\t\t\t<div class=\"elementor-widget-container\">\n\t\t\t\t\t\t\t\t\t<p>A very important aspect of the department\u2019s activities is its collaboration with the most significant academic and cultural institutions in German-speaking countries, such as the DAAD, KAAD, Goethe-Institut, Austrian Cultural Forum, and the Alexander von Humboldt Foundation. Since 2022, the Department of German Literature (together with the Department of English Literature) has been organizing regular lectures as part of the Opole Science Festival and, in collaboration with Opole\u2019s English scholars, has been publishing a series with Vandenhoeck &amp; Ruprecht: \u201cMitteleurop\u00e4ische Studien zur Komparatistik. Von der Romantik bis zur Gegenwart\u201d.<\/p>\n<p>German literature scholars actively participate in numerous academic, literary, and cultural projects of both regional and pan-European scope. Faculty members have repeatedly been awarded grants from Polish and international foundations and research institutions: DAAD, KAAD, KBN, Eidgen\u00f6ssische Stipendienkommission f\u00fcr ausl\u00e4ndische Studierende (ESKAS), and the Alexander von Humboldt Foundation. In 2014, for the book \u201cIch erschreibe mich selbst. (Autor)Biografisches Schreiben bei Horst Bienek,\u201d Dr. Daniel Pietrek, Professor at the University of Opole, received the Horst Bienek Promotion Award from the Bavarian Academy of Fine Arts (Horst-Bienek-F\u00f6rderpreis der Bayerischen Akademie der Sch\u00f6nen K\u00fcnste).<\/p>\n\t\t\t\t\t\t\t\t<\/div>\n\t\t\t\t<\/div>\n\t\t\t\t\t<\/div>\n\t\t\t\t<\/div>\n\t\t\t\t\t<\/div>\n\t\t\t\t<\/div>\n\t\t<div class=\"elementor-element elementor-element-6fc56951 e-flex e-con-boxed e-con e-parent\" data-id=\"6fc56951\" data-element_type=\"container\" data-e-type=\"container\" data-settings=\"{&quot;jet_parallax_layout_list&quot;:[]}\">\n\t\t\t\t\t<div class=\"e-con-inner\">\n\t\t\t\t\t<\/div>\n\t\t\t\t<\/div>\n\t\t<div class=\"elementor-element elementor-element-ff9a493 e-flex e-con-boxed e-con e-parent\" data-id=\"ff9a493\" data-element_type=\"container\" data-e-type=\"container\" data-settings=\"{&quot;jet_parallax_layout_list&quot;:[]}\">\n\t\t\t\t\t<div class=\"e-con-inner\">\n\t\t\t\t<div class=\"elementor-element elementor-element-a3e0b19 elementor-widget elementor-widget-heading\" data-id=\"a3e0b19\" data-element_type=\"widget\" data-e-type=\"widget\" data-widget_type=\"heading.default\">\n\t\t\t\t<div class=\"elementor-widget-container\">\n\t\t\t\t\t<p class=\"elementor-heading-title elementor-size-default\">Department of English-Language Literature, University of Opole<\/p>\t\t\t\t<\/div>\n\t\t\t\t<\/div>\n\t\t\t\t\t<\/div>\n\t\t\t\t<\/div>\n\t\t<div class=\"elementor-element elementor-element-86280c2 e-flex e-con-boxed e-con e-parent\" data-id=\"86280c2\" data-element_type=\"container\" data-e-type=\"container\" data-settings=\"{&quot;jet_parallax_layout_list&quot;:[]}\">\n\t\t\t\t\t<div class=\"e-con-inner\">\n\t\t<div class=\"elementor-element elementor-element-27b9853 e-flex e-con-boxed e-con e-child\" data-id=\"27b9853\" data-element_type=\"container\" data-e-type=\"container\" data-settings=\"{&quot;jet_parallax_layout_list&quot;:[]}\">\n\t\t\t\t\t<div class=\"e-con-inner\">\n\t\t\t\t<div class=\"elementor-element elementor-element-eb2734c elementor-widget elementor-widget-text-editor\" data-id=\"eb2734c\" data-element_type=\"widget\" data-e-type=\"widget\" data-widget_type=\"text-editor.default\">\n\t\t\t\t<div class=\"elementor-widget-container\">\n\t\t\t\t\t\t\t\t\t<p>Department staff actively participate in literary events as part of the 20th and 21st Opole Science Festival.<\/p>\n\t\t\t\t\t\t\t\t<\/div>\n\t\t\t\t<\/div>\n\t\t\t\t\t<\/div>\n\t\t\t\t<\/div>\n\t\t\t\t\t<\/div>\n\t\t\t\t<\/div>\n\t\t<div class=\"elementor-element elementor-element-e5ee9fc e-flex e-con-boxed e-con e-parent\" data-id=\"e5ee9fc\" data-element_type=\"container\" data-e-type=\"container\" data-settings=\"{&quot;jet_parallax_layout_list&quot;:[]}\">\n\t\t\t\t\t<div class=\"e-con-inner\">\n\t\t\t\t\t<\/div>\n\t\t\t\t<\/div>\n\t\t\t\t<\/div>\n\t\t","protected":false},"excerpt":{"rendered":"<p>Partner Institutions Department of French and Francophone Literature, University of Opole The Department is an associate partner of the University of Gda\u0144sk within the European Program Flevolution XXI Century Skills in French Language Learning and Teaching at Higher Levels through Contemporary French Literature. Literary Workshop. Actively implementing an internationalization program\u2014for the development of the university, [&hellip;]<\/p>\n","protected":false},"author":5,"featured_media":0,"parent":0,"menu_order":0,"comment_status":"closed","ping_status":"closed","template":"","meta":{"footnotes":""},"class_list":["post-8999","page","type-page","status-publish","hentry"],"_links":{"self":[{"href":"https:\/\/inol.uni.opole.pl\/en\/wp-json\/wp\/v2\/pages\/8999","targetHints":{"allow":["GET"]}}],"collection":[{"href":"https:\/\/inol.uni.opole.pl\/en\/wp-json\/wp\/v2\/pages"}],"about":[{"href":"https:\/\/inol.uni.opole.pl\/en\/wp-json\/wp\/v2\/types\/page"}],"author":[{"embeddable":true,"href":"https:\/\/inol.uni.opole.pl\/en\/wp-json\/wp\/v2\/users\/5"}],"replies":[{"embeddable":true,"href":"https:\/\/inol.uni.opole.pl\/en\/wp-json\/wp\/v2\/comments?post=8999"}],"version-history":[{"count":1,"href":"https:\/\/inol.uni.opole.pl\/en\/wp-json\/wp\/v2\/pages\/8999\/revisions"}],"predecessor-version":[{"id":9000,"href":"https:\/\/inol.uni.opole.pl\/en\/wp-json\/wp\/v2\/pages\/8999\/revisions\/9000"}],"wp:attachment":[{"href":"https:\/\/inol.uni.opole.pl\/en\/wp-json\/wp\/v2\/media?parent=8999"}],"curies":[{"name":"wp","href":"https:\/\/api.w.org\/{rel}","templated":true}]}}