  {"id":8997,"date":"2026-04-20T10:10:47","date_gmt":"2026-04-20T08:10:47","guid":{"rendered":"https:\/\/inol.uni.opole.pl\/phd-students\/"},"modified":"2026-04-27T12:50:53","modified_gmt":"2026-04-27T10:50:53","slug":"phd-students","status":"publish","type":"page","link":"https:\/\/inol.uni.opole.pl\/en\/phd-students\/","title":{"rendered":"PhD students"},"content":{"rendered":"\t\t<div data-elementor-type=\"wp-page\" data-elementor-id=\"8997\" class=\"elementor elementor-8997 elementor-8508\" data-elementor-post-type=\"page\">\n\t\t\t\t<div class=\"elementor-element elementor-element-226308dc e-flex e-con-boxed e-con e-parent\" data-id=\"226308dc\" data-element_type=\"container\" data-e-type=\"container\" data-settings=\"{&quot;jet_parallax_layout_list&quot;:[]}\">\n\t\t\t\t\t<div class=\"e-con-inner\">\n\t\t\t\t<div class=\"elementor-element elementor-element-1760c1b3 elementor-widget elementor-widget-heading\" data-id=\"1760c1b3\" data-element_type=\"widget\" data-e-type=\"widget\" data-widget_type=\"heading.default\">\n\t\t\t\t<div class=\"elementor-widget-container\">\n\t\t\t\t\t<h1 class=\"elementor-heading-title elementor-size-default\">PhD students<\/h1>\t\t\t\t<\/div>\n\t\t\t\t<\/div>\n\t\t\t\t\t<\/div>\n\t\t\t\t<\/div>\n\t\t<div class=\"elementor-element elementor-element-2a211d0f e-flex e-con-boxed e-con e-parent\" data-id=\"2a211d0f\" data-element_type=\"container\" data-e-type=\"container\" data-settings=\"{&quot;jet_parallax_layout_list&quot;:[]}\">\n\t\t\t\t\t<div class=\"e-con-inner\">\n\t\t<div class=\"elementor-element elementor-element-7baad1f1 e-flex e-con-boxed e-con e-child\" data-id=\"7baad1f1\" data-element_type=\"container\" data-e-type=\"container\" data-settings=\"{&quot;background_background&quot;:&quot;classic&quot;,&quot;jet_parallax_layout_list&quot;:[]}\">\n\t\t\t\t\t<div class=\"e-con-inner\">\n\t\t<div class=\"elementor-element elementor-element-4157c711 e-con-full e-flex e-con e-child\" data-id=\"4157c711\" data-element_type=\"container\" data-e-type=\"container\" data-settings=\"{&quot;jet_parallax_layout_list&quot;:[],&quot;background_background&quot;:&quot;classic&quot;}\">\n\t\t\t\t<div class=\"elementor-element elementor-element-70342043 elementor-widget elementor-widget-image\" data-id=\"70342043\" data-element_type=\"widget\" data-e-type=\"widget\" data-widget_type=\"image.default\">\n\t\t\t\t<div class=\"elementor-widget-container\">\n\t\t\t\t\t\t\t\t\t\t\t\t\t\t\t<img fetchpriority=\"high\" decoding=\"async\" src=\"https:\/\/inol.uni.opole.pl\/wp-content\/uploads\/sites\/41\/elementor\/thumbs\/no-face-photo-qpn1x3nsfd96n0zs4uh1icv2k6i6gvl245fl95f1ko.png\" alt=\"no-face-photo.png\" title=\"no-face-photo.png\" width=\"300\" height=\"300\" \/>\t\t\t\t\t\t\t\t\t\t\t\t\t\t\t<\/div>\n\t\t\t\t<\/div>\n\t\t\t\t<\/div>\n\t\t<div class=\"elementor-element elementor-element-42096929 e-con-full e-flex e-con e-child\" data-id=\"42096929\" data-element_type=\"container\" data-e-type=\"container\" data-settings=\"{&quot;jet_parallax_layout_list&quot;:[]}\">\n\t\t\t\t<div class=\"elementor-element elementor-element-3192e562 elementor-widget elementor-widget-text-editor\" data-id=\"3192e562\" data-element_type=\"widget\" data-e-type=\"widget\" data-widget_type=\"text-editor.default\">\n\t\t\t\t<div class=\"elementor-widget-container\">\n\t\t\t\t\t\t\t\t\t<p>mgr Aleksandra Anna Biegun<\/p>\n\t\t\t\t\t\t\t\t<\/div>\n\t\t\t\t<\/div>\n\t\t\t\t<div class=\"elementor-element elementor-element-1a865e1c elementor-widget elementor-widget-text-editor\" data-id=\"1a865e1c\" data-element_type=\"widget\" data-e-type=\"widget\" data-widget_type=\"text-editor.default\">\n\t\t\t\t<div class=\"elementor-widget-container\">\n\t\t\t\t\t\t\t\t\t<p><strong>PhD student<\/strong><\/p>\n\t\t\t\t\t\t\t\t<\/div>\n\t\t\t\t<\/div>\n\t\t<div class=\"elementor-element elementor-element-7f1efb79 e-con-full e-flex e-con e-child\" data-id=\"7f1efb79\" data-element_type=\"container\" data-e-type=\"container\" data-settings=\"{&quot;jet_parallax_layout_list&quot;:[]}\">\n\t\t<div class=\"elementor-element elementor-element-eda8bb3 e-con-full e-flex e-con e-child\" data-id=\"eda8bb3\" data-element_type=\"container\" data-e-type=\"container\" data-settings=\"{&quot;position&quot;:&quot;absolute&quot;,&quot;jet_parallax_layout_list&quot;:[]}\">\n\t\t\t\t<div class=\"elementor-element elementor-element-75ffafb2 elementor-widget elementor-widget-text-editor\" data-id=\"75ffafb2\" data-element_type=\"widget\" data-e-type=\"widget\" data-widget_type=\"text-editor.default\">\n\t\t\t\t<div class=\"elementor-widget-container\">\n\t\t\t\t\t\t\t\t\t<p><img decoding=\"async\" class=\"alignnone wp-image-4922\" src=\"https:\/\/instytut-dev.uni.opole.pl\/wp-content\/uploads\/sites\/7\/icon-email.svg\" alt=\"\" width=\"18\" height=\"13\" \/>\u00a0\u00a0<a class=\"mailto-link\" href=\"mailto:130836@student.uni.opole.pl\" target=\"_blank\" rel=\"noopener\">130836@student.uni.opole.pl<\/a><\/p>\n\t\t\t\t\t\t\t\t<\/div>\n\t\t\t\t<\/div>\n\t\t\t\t<\/div>\n\t\t\t\t<\/div>\n\t\t\t\t<\/div>\n\t\t\t\t\t<\/div>\n\t\t\t\t<\/div>\n\t\t\t\t\t<\/div>\n\t\t\t\t<\/div>\n\t\t<div class=\"elementor-element elementor-element-2e687d16 e-flex e-con-boxed e-con e-parent\" data-id=\"2e687d16\" data-element_type=\"container\" data-e-type=\"container\" data-settings=\"{&quot;jet_parallax_layout_list&quot;:[]}\">\n\t\t\t\t\t<div class=\"e-con-inner\">\n\t\t<div class=\"elementor-element elementor-element-619f16d5 e-flex e-con-boxed e-con e-child\" data-id=\"619f16d5\" data-element_type=\"container\" data-e-type=\"container\" data-settings=\"{&quot;jet_parallax_layout_list&quot;:[]}\">\n\t\t\t\t\t<div class=\"e-con-inner\">\n\t\t\t\t\t<\/div>\n\t\t\t\t<\/div>\n\t\t\t\t\t<\/div>\n\t\t\t\t<\/div>\n\t\t<div class=\"elementor-element elementor-element-8226aa5 e-flex e-con-boxed e-con e-parent\" data-id=\"8226aa5\" data-element_type=\"container\" data-e-type=\"container\" data-settings=\"{&quot;jet_parallax_layout_list&quot;:[]}\">\n\t\t\t\t\t<div class=\"e-con-inner\">\n\t\t<div class=\"elementor-element elementor-element-d49cea8 e-flex e-con-boxed e-con e-child\" data-id=\"d49cea8\" data-element_type=\"container\" data-e-type=\"container\" data-settings=\"{&quot;background_background&quot;:&quot;classic&quot;,&quot;jet_parallax_layout_list&quot;:[]}\">\n\t\t\t\t\t<div class=\"e-con-inner\">\n\t\t<div class=\"elementor-element elementor-element-868e846 e-con-full e-flex e-con e-child\" data-id=\"868e846\" data-element_type=\"container\" data-e-type=\"container\" data-settings=\"{&quot;jet_parallax_layout_list&quot;:[],&quot;background_background&quot;:&quot;classic&quot;}\">\n\t\t\t\t<div class=\"elementor-element elementor-element-b523780 elementor-widget elementor-widget-image\" data-id=\"b523780\" data-element_type=\"widget\" data-e-type=\"widget\" data-widget_type=\"image.default\">\n\t\t\t\t<div class=\"elementor-widget-container\">\n\t\t\t\t\t\t\t\t\t\t\t\t\t\t\t<img fetchpriority=\"high\" decoding=\"async\" src=\"https:\/\/inol.uni.opole.pl\/wp-content\/uploads\/sites\/41\/elementor\/thumbs\/no-face-photo-qpn1x3nsfd96n0zs4uh1icv2k6i6gvl245fl95f1ko.png\" alt=\"no-face-photo.png\" title=\"no-face-photo.png\" width=\"300\" height=\"300\" \/>\t\t\t\t\t\t\t\t\t\t\t\t\t\t\t<\/div>\n\t\t\t\t<\/div>\n\t\t\t\t<\/div>\n\t\t<div class=\"elementor-element elementor-element-177bc3d e-con-full e-flex e-con e-child\" data-id=\"177bc3d\" data-element_type=\"container\" data-e-type=\"container\" data-settings=\"{&quot;jet_parallax_layout_list&quot;:[]}\">\n\t\t\t\t<div class=\"elementor-element elementor-element-5cd11c7 elementor-widget elementor-widget-text-editor\" data-id=\"5cd11c7\" data-element_type=\"widget\" data-e-type=\"widget\" data-widget_type=\"text-editor.default\">\n\t\t\t\t<div class=\"elementor-widget-container\">\n\t\t\t\t\t\t\t\t\t<p>mgr Izabela Marta Borowiec<\/p>\n\t\t\t\t\t\t\t\t<\/div>\n\t\t\t\t<\/div>\n\t\t\t\t<div class=\"elementor-element elementor-element-ef5041d elementor-widget elementor-widget-text-editor\" data-id=\"ef5041d\" data-element_type=\"widget\" data-e-type=\"widget\" data-widget_type=\"text-editor.default\">\n\t\t\t\t<div class=\"elementor-widget-container\">\n\t\t\t\t\t\t\t\t\t<p><strong>PhD student<\/strong><\/p>\n\t\t\t\t\t\t\t\t<\/div>\n\t\t\t\t<\/div>\n\t\t<div class=\"elementor-element elementor-element-b0a0c04 e-con-full e-flex e-con e-child\" data-id=\"b0a0c04\" data-element_type=\"container\" data-e-type=\"container\" data-settings=\"{&quot;jet_parallax_layout_list&quot;:[]}\">\n\t\t<div class=\"elementor-element elementor-element-cff8de1 e-con-full e-flex e-con e-child\" data-id=\"cff8de1\" data-element_type=\"container\" data-e-type=\"container\" data-settings=\"{&quot;position&quot;:&quot;absolute&quot;,&quot;jet_parallax_layout_list&quot;:[]}\">\n\t\t\t\t<div class=\"elementor-element elementor-element-9912650 elementor-widget elementor-widget-text-editor\" data-id=\"9912650\" data-element_type=\"widget\" data-e-type=\"widget\" data-widget_type=\"text-editor.default\">\n\t\t\t\t<div class=\"elementor-widget-container\">\n\t\t\t\t\t\t\t\t\t<p><img decoding=\"async\" class=\"alignnone wp-image-4922\" src=\"https:\/\/instytut-dev.uni.opole.pl\/wp-content\/uploads\/sites\/7\/icon-email.svg\" alt=\"\" width=\"18\" height=\"13\" \/> <a class=\"mailto-link\" href=\"mailto:145418@student.uni.opole.pl\" target=\"_blank\" rel=\"noopener\">145418@student.uni.opole.pl<\/a><\/p>\n\t\t\t\t\t\t\t\t<\/div>\n\t\t\t\t<\/div>\n\t\t\t\t<\/div>\n\t\t\t\t<\/div>\n\t\t\t\t<\/div>\n\t\t\t\t\t<\/div>\n\t\t\t\t<\/div>\n\t\t\t\t\t<\/div>\n\t\t\t\t<\/div>\n\t\t<div class=\"elementor-element elementor-element-c87b626 e-flex e-con-boxed e-con e-parent\" data-id=\"c87b626\" data-element_type=\"container\" data-e-type=\"container\" data-settings=\"{&quot;jet_parallax_layout_list&quot;:[]}\">\n\t\t\t\t\t<div class=\"e-con-inner\">\n\t\t<div class=\"elementor-element elementor-element-655330b e-flex e-con-boxed e-con e-child\" data-id=\"655330b\" data-element_type=\"container\" data-e-type=\"container\" data-settings=\"{&quot;jet_parallax_layout_list&quot;:[]}\">\n\t\t\t\t\t<div class=\"e-con-inner\">\n\t\t\t\t\t<\/div>\n\t\t\t\t<\/div>\n\t\t\t\t\t<\/div>\n\t\t\t\t<\/div>\n\t\t<div class=\"elementor-element elementor-element-7a0c3e2 e-flex e-con-boxed e-con e-parent\" data-id=\"7a0c3e2\" data-element_type=\"container\" data-e-type=\"container\" data-settings=\"{&quot;jet_parallax_layout_list&quot;:[]}\">\n\t\t\t\t\t<div class=\"e-con-inner\">\n\t\t<div class=\"elementor-element elementor-element-f579aba e-flex e-con-boxed e-con e-child\" data-id=\"f579aba\" data-element_type=\"container\" data-e-type=\"container\" data-settings=\"{&quot;background_background&quot;:&quot;classic&quot;,&quot;jet_parallax_layout_list&quot;:[]}\">\n\t\t\t\t\t<div class=\"e-con-inner\">\n\t\t<div class=\"elementor-element elementor-element-b1f8ec7 e-con-full e-flex e-con e-child\" data-id=\"b1f8ec7\" data-element_type=\"container\" data-e-type=\"container\" data-settings=\"{&quot;jet_parallax_layout_list&quot;:[],&quot;background_background&quot;:&quot;classic&quot;}\">\n\t\t\t\t<div class=\"elementor-element elementor-element-bf736bf elementor-widget elementor-widget-image\" data-id=\"bf736bf\" data-element_type=\"widget\" data-e-type=\"widget\" data-widget_type=\"image.default\">\n\t\t\t\t<div class=\"elementor-widget-container\">\n\t\t\t\t\t\t\t\t\t\t\t\t\t\t\t<img fetchpriority=\"high\" decoding=\"async\" src=\"https:\/\/inol.uni.opole.pl\/wp-content\/uploads\/sites\/41\/elementor\/thumbs\/no-face-photo-qpn1x3nsfd96n0zs4uh1icv2k6i6gvl245fl95f1ko.png\" alt=\"no-face-photo.png\" title=\"no-face-photo.png\" width=\"300\" height=\"300\" \/>\t\t\t\t\t\t\t\t\t\t\t\t\t\t\t<\/div>\n\t\t\t\t<\/div>\n\t\t\t\t<\/div>\n\t\t<div class=\"elementor-element elementor-element-80d20c2 e-con-full e-flex e-con e-child\" data-id=\"80d20c2\" data-element_type=\"container\" data-e-type=\"container\" data-settings=\"{&quot;jet_parallax_layout_list&quot;:[]}\">\n\t\t\t\t<div class=\"elementor-element elementor-element-89e13a7 elementor-widget elementor-widget-text-editor\" data-id=\"89e13a7\" data-element_type=\"widget\" data-e-type=\"widget\" data-widget_type=\"text-editor.default\">\n\t\t\t\t<div class=\"elementor-widget-container\">\n\t\t\t\t\t\t\t\t\t<p>mgr Maciej Kazimierz Janocha<\/p>\n\t\t\t\t\t\t\t\t<\/div>\n\t\t\t\t<\/div>\n\t\t\t\t<div class=\"elementor-element elementor-element-dfec662 elementor-widget elementor-widget-text-editor\" data-id=\"dfec662\" data-element_type=\"widget\" data-e-type=\"widget\" data-widget_type=\"text-editor.default\">\n\t\t\t\t<div class=\"elementor-widget-container\">\n\t\t\t\t\t\t\t\t\t<p><strong>PhD student<\/strong><\/p>\n\t\t\t\t\t\t\t\t<\/div>\n\t\t\t\t<\/div>\n\t\t<div class=\"elementor-element elementor-element-55738e0 e-con-full e-flex e-con e-child\" data-id=\"55738e0\" data-element_type=\"container\" data-e-type=\"container\" data-settings=\"{&quot;jet_parallax_layout_list&quot;:[]}\">\n\t\t<div class=\"elementor-element elementor-element-eb756ef e-con-full e-flex e-con e-child\" data-id=\"eb756ef\" data-element_type=\"container\" data-e-type=\"container\" data-settings=\"{&quot;position&quot;:&quot;absolute&quot;,&quot;jet_parallax_layout_list&quot;:[]}\">\n\t\t\t\t<div class=\"elementor-element elementor-element-ec41e51 elementor-widget elementor-widget-text-editor\" data-id=\"ec41e51\" data-element_type=\"widget\" data-e-type=\"widget\" data-widget_type=\"text-editor.default\">\n\t\t\t\t<div class=\"elementor-widget-container\">\n\t\t\t\t\t\t\t\t\t<p><img decoding=\"async\" class=\"alignnone wp-image-4922\" src=\"https:\/\/instytut-dev.uni.opole.pl\/wp-content\/uploads\/sites\/7\/icon-email.svg\" alt=\"\" width=\"18\" height=\"13\" \/> <a class=\"mailto-link\" href=\"mailto:maciej.janocha@uni.opole.pl\" target=\"_blank\" rel=\"noopener\">maciej.janocha@uni.opole.pl<\/a><\/p>\n\t\t\t\t\t\t\t\t<\/div>\n\t\t\t\t<\/div>\n\t\t\t\t<\/div>\n\t\t\t\t<\/div>\n\t\t\t\t<\/div>\n\t\t\t\t\t<\/div>\n\t\t\t\t<\/div>\n\t\t\t\t\t<\/div>\n\t\t\t\t<\/div>\n\t\t<div class=\"elementor-element elementor-element-3805b3a e-flex e-con-boxed e-con e-parent\" data-id=\"3805b3a\" data-element_type=\"container\" data-e-type=\"container\" data-settings=\"{&quot;jet_parallax_layout_list&quot;:[]}\">\n\t\t\t\t\t<div class=\"e-con-inner\">\n\t\t<div class=\"elementor-element elementor-element-1a772d6 e-flex e-con-boxed e-con e-child\" data-id=\"1a772d6\" data-element_type=\"container\" data-e-type=\"container\" data-settings=\"{&quot;jet_parallax_layout_list&quot;:[]}\">\n\t\t\t\t\t<div class=\"e-con-inner\">\n\t\t\t\t\t<\/div>\n\t\t\t\t<\/div>\n\t\t\t\t\t<\/div>\n\t\t\t\t<\/div>\n\t\t<div class=\"elementor-element elementor-element-cd15297 e-flex e-con-boxed e-con e-parent\" data-id=\"cd15297\" data-element_type=\"container\" data-e-type=\"container\" data-settings=\"{&quot;jet_parallax_layout_list&quot;:[]}\">\n\t\t\t\t\t<div class=\"e-con-inner\">\n\t\t<div class=\"elementor-element elementor-element-5cedc9a e-flex e-con-boxed e-con e-child\" data-id=\"5cedc9a\" data-element_type=\"container\" data-e-type=\"container\" data-settings=\"{&quot;background_background&quot;:&quot;classic&quot;,&quot;jet_parallax_layout_list&quot;:[]}\">\n\t\t\t\t\t<div class=\"e-con-inner\">\n\t\t<div class=\"elementor-element elementor-element-c327340 e-con-full e-flex e-con e-child\" data-id=\"c327340\" data-element_type=\"container\" data-e-type=\"container\" data-settings=\"{&quot;jet_parallax_layout_list&quot;:[],&quot;background_background&quot;:&quot;classic&quot;}\">\n\t\t\t\t<div class=\"elementor-element elementor-element-e42152f elementor-widget elementor-widget-image\" data-id=\"e42152f\" data-element_type=\"widget\" data-e-type=\"widget\" data-widget_type=\"image.default\">\n\t\t\t\t<div class=\"elementor-widget-container\">\n\t\t\t\t\t\t\t\t\t\t\t\t\t\t\t<img fetchpriority=\"high\" decoding=\"async\" src=\"https:\/\/inol.uni.opole.pl\/wp-content\/uploads\/sites\/41\/elementor\/thumbs\/no-face-photo-qpn1x3nsfd96n0zs4uh1icv2k6i6gvl245fl95f1ko.png\" alt=\"no-face-photo.png\" title=\"no-face-photo.png\" width=\"300\" height=\"300\" \/>\t\t\t\t\t\t\t\t\t\t\t\t\t\t\t<\/div>\n\t\t\t\t<\/div>\n\t\t\t\t<\/div>\n\t\t<div class=\"elementor-element elementor-element-9b50db2 e-con-full e-flex e-con e-child\" data-id=\"9b50db2\" data-element_type=\"container\" data-e-type=\"container\" data-settings=\"{&quot;jet_parallax_layout_list&quot;:[]}\">\n\t\t\t\t<div class=\"elementor-element elementor-element-5ac26f5 elementor-widget elementor-widget-text-editor\" data-id=\"5ac26f5\" data-element_type=\"widget\" data-e-type=\"widget\" data-widget_type=\"text-editor.default\">\n\t\t\t\t<div class=\"elementor-widget-container\">\n\t\t\t\t\t\t\t\t\t<p>mgr Karolina Maria Koz\u0142owska<\/p>\n\t\t\t\t\t\t\t\t<\/div>\n\t\t\t\t<\/div>\n\t\t\t\t<div class=\"elementor-element elementor-element-a6ef8fc elementor-widget elementor-widget-text-editor\" data-id=\"a6ef8fc\" data-element_type=\"widget\" data-e-type=\"widget\" data-widget_type=\"text-editor.default\">\n\t\t\t\t<div class=\"elementor-widget-container\">\n\t\t\t\t\t\t\t\t\t<p><strong>PhD student<\/strong><\/p>\n\t\t\t\t\t\t\t\t<\/div>\n\t\t\t\t<\/div>\n\t\t<div class=\"elementor-element elementor-element-9f7873d e-con-full e-flex e-con e-child\" data-id=\"9f7873d\" data-element_type=\"container\" data-e-type=\"container\" data-settings=\"{&quot;jet_parallax_layout_list&quot;:[]}\">\n\t\t<div class=\"elementor-element elementor-element-377b718 e-con-full e-flex e-con e-child\" data-id=\"377b718\" data-element_type=\"container\" data-e-type=\"container\" data-settings=\"{&quot;position&quot;:&quot;absolute&quot;,&quot;jet_parallax_layout_list&quot;:[]}\">\n\t\t\t\t<div class=\"elementor-element elementor-element-3d9fa8d elementor-widget elementor-widget-text-editor\" data-id=\"3d9fa8d\" data-element_type=\"widget\" data-e-type=\"widget\" data-widget_type=\"text-editor.default\">\n\t\t\t\t<div class=\"elementor-widget-container\">\n\t\t\t\t\t\t\t\t\t<p><img decoding=\"async\" class=\"alignnone wp-image-4922\" src=\"https:\/\/instytut-dev.uni.opole.pl\/wp-content\/uploads\/sites\/7\/icon-email.svg\" alt=\"\" width=\"18\" height=\"13\" \/> <a class=\"mailto-link\" href=\"mailto:145419@student.uni.opole.pl\" target=\"_blank\" rel=\"noopener\">145419@student.uni.opole.pl<\/a><\/p>\n\t\t\t\t\t\t\t\t<\/div>\n\t\t\t\t<\/div>\n\t\t\t\t<\/div>\n\t\t\t\t<\/div>\n\t\t\t\t<\/div>\n\t\t\t\t\t<\/div>\n\t\t\t\t<\/div>\n\t\t\t\t\t<\/div>\n\t\t\t\t<\/div>\n\t\t<div class=\"elementor-element elementor-element-e4870d8 e-flex e-con-boxed e-con e-parent\" data-id=\"e4870d8\" data-element_type=\"container\" data-e-type=\"container\" data-settings=\"{&quot;jet_parallax_layout_list&quot;:[]}\">\n\t\t\t\t\t<div class=\"e-con-inner\">\n\t\t<div class=\"elementor-element elementor-element-3f3748b e-flex e-con-boxed e-con e-child\" data-id=\"3f3748b\" data-element_type=\"container\" data-e-type=\"container\" data-settings=\"{&quot;jet_parallax_layout_list&quot;:[]}\">\n\t\t\t\t\t<div class=\"e-con-inner\">\n\t\t\t\t\t<\/div>\n\t\t\t\t<\/div>\n\t\t\t\t\t<\/div>\n\t\t\t\t<\/div>\n\t\t<div class=\"elementor-element elementor-element-85590cd e-flex e-con-boxed e-con e-parent\" data-id=\"85590cd\" data-element_type=\"container\" data-e-type=\"container\" data-settings=\"{&quot;jet_parallax_layout_list&quot;:[]}\">\n\t\t\t\t\t<div class=\"e-con-inner\">\n\t\t<div class=\"elementor-element elementor-element-9308a02 e-flex e-con-boxed e-con e-child\" data-id=\"9308a02\" data-element_type=\"container\" data-e-type=\"container\" data-settings=\"{&quot;background_background&quot;:&quot;classic&quot;,&quot;jet_parallax_layout_list&quot;:[]}\">\n\t\t\t\t\t<div class=\"e-con-inner\">\n\t\t<div class=\"elementor-element elementor-element-a516dcb e-con-full e-flex e-con e-child\" data-id=\"a516dcb\" data-element_type=\"container\" data-e-type=\"container\" data-settings=\"{&quot;jet_parallax_layout_list&quot;:[],&quot;background_background&quot;:&quot;classic&quot;}\">\n\t\t\t\t<div class=\"elementor-element elementor-element-ef786bb elementor-widget elementor-widget-image\" data-id=\"ef786bb\" data-element_type=\"widget\" data-e-type=\"widget\" data-widget_type=\"image.default\">\n\t\t\t\t<div class=\"elementor-widget-container\">\n\t\t\t\t\t\t\t\t\t\t\t\t\t\t\t<img fetchpriority=\"high\" decoding=\"async\" src=\"https:\/\/inol.uni.opole.pl\/wp-content\/uploads\/sites\/41\/elementor\/thumbs\/no-face-photo-qpn1x3nsfd96n0zs4uh1icv2k6i6gvl245fl95f1ko.png\" alt=\"no-face-photo.png\" title=\"no-face-photo.png\" width=\"300\" height=\"300\" \/>\t\t\t\t\t\t\t\t\t\t\t\t\t\t\t<\/div>\n\t\t\t\t<\/div>\n\t\t\t\t<\/div>\n\t\t<div class=\"elementor-element elementor-element-a25d7d9 e-con-full e-flex e-con e-child\" data-id=\"a25d7d9\" data-element_type=\"container\" data-e-type=\"container\" data-settings=\"{&quot;jet_parallax_layout_list&quot;:[]}\">\n\t\t\t\t<div class=\"elementor-element elementor-element-cd13a35 elementor-widget elementor-widget-text-editor\" data-id=\"cd13a35\" data-element_type=\"widget\" data-e-type=\"widget\" data-widget_type=\"text-editor.default\">\n\t\t\t\t<div class=\"elementor-widget-container\">\n\t\t\t\t\t\t\t\t\t<p>mgr Zuzanna El\u017cbieta Koz\u0142owska<\/p>\n\t\t\t\t\t\t\t\t<\/div>\n\t\t\t\t<\/div>\n\t\t\t\t<div class=\"elementor-element elementor-element-27d7fdf elementor-widget elementor-widget-text-editor\" data-id=\"27d7fdf\" data-element_type=\"widget\" data-e-type=\"widget\" data-widget_type=\"text-editor.default\">\n\t\t\t\t<div class=\"elementor-widget-container\">\n\t\t\t\t\t\t\t\t\t<p><strong>PhD student<\/strong><\/p>\n\t\t\t\t\t\t\t\t<\/div>\n\t\t\t\t<\/div>\n\t\t<div class=\"elementor-element elementor-element-f6c2a6d e-con-full e-flex e-con e-child\" data-id=\"f6c2a6d\" data-element_type=\"container\" data-e-type=\"container\" data-settings=\"{&quot;jet_parallax_layout_list&quot;:[]}\">\n\t\t<div class=\"elementor-element elementor-element-a98ef59 e-con-full e-flex e-con e-child\" data-id=\"a98ef59\" data-element_type=\"container\" data-e-type=\"container\" data-settings=\"{&quot;position&quot;:&quot;absolute&quot;,&quot;jet_parallax_layout_list&quot;:[]}\">\n\t\t\t\t<div class=\"elementor-element elementor-element-65053f2 elementor-widget elementor-widget-text-editor\" data-id=\"65053f2\" data-element_type=\"widget\" data-e-type=\"widget\" data-widget_type=\"text-editor.default\">\n\t\t\t\t<div class=\"elementor-widget-container\">\n\t\t\t\t\t\t\t\t\t<p><img decoding=\"async\" class=\"alignnone wp-image-4922\" src=\"https:\/\/instytut-dev.uni.opole.pl\/wp-content\/uploads\/sites\/7\/icon-email.svg\" alt=\"\" width=\"18\" height=\"13\" \/> <a class=\"mailto-link\" href=\"mailto:132029@student.uni.opole.pl\" target=\"_blank\" rel=\"noopener\">132029@student.uni.opole.pl<\/a><\/p>\n\t\t\t\t\t\t\t\t<\/div>\n\t\t\t\t<\/div>\n\t\t\t\t<\/div>\n\t\t\t\t<\/div>\n\t\t\t\t<\/div>\n\t\t\t\t\t<\/div>\n\t\t\t\t<\/div>\n\t\t\t\t\t<\/div>\n\t\t\t\t<\/div>\n\t\t<div class=\"elementor-element elementor-element-74f51dd9 e-flex e-con-boxed e-con e-parent\" data-id=\"74f51dd9\" data-element_type=\"container\" data-e-type=\"container\" data-settings=\"{&quot;jet_parallax_layout_list&quot;:[]}\">\n\t\t\t\t\t<div class=\"e-con-inner\">\n\t\t\t\t\t<\/div>\n\t\t\t\t<\/div>\n\t\t\t\t<\/div>\n\t\t","protected":false},"excerpt":{"rendered":"<p>PhD students mgr Aleksandra Anna Biegun PhD student \u00a0\u00a0130836@student.uni.opole.pl mgr Izabela Marta Borowiec PhD student 145418@student.uni.opole.pl mgr Maciej Kazimierz Janocha PhD student maciej.janocha@uni.opole.pl mgr Karolina Maria Koz\u0142owska PhD student 145419@student.uni.opole.pl mgr Zuzanna El\u017cbieta Koz\u0142owska PhD student 132029@student.uni.opole.pl<\/p>\n","protected":false},"author":60,"featured_media":0,"parent":0,"menu_order":0,"comment_status":"closed","ping_status":"closed","template":"","meta":{"footnotes":""},"class_list":["post-8997","page","type-page","status-publish","hentry"],"_links":{"self":[{"href":"https:\/\/inol.uni.opole.pl\/en\/wp-json\/wp\/v2\/pages\/8997","targetHints":{"allow":["GET"]}}],"collection":[{"href":"https:\/\/inol.uni.opole.pl\/en\/wp-json\/wp\/v2\/pages"}],"about":[{"href":"https:\/\/inol.uni.opole.pl\/en\/wp-json\/wp\/v2\/types\/page"}],"author":[{"embeddable":true,"href":"https:\/\/inol.uni.opole.pl\/en\/wp-json\/wp\/v2\/users\/60"}],"replies":[{"embeddable":true,"href":"https:\/\/inol.uni.opole.pl\/en\/wp-json\/wp\/v2\/comments?post=8997"}],"version-history":[{"count":3,"href":"https:\/\/inol.uni.opole.pl\/en\/wp-json\/wp\/v2\/pages\/8997\/revisions"}],"predecessor-version":[{"id":9002,"href":"https:\/\/inol.uni.opole.pl\/en\/wp-json\/wp\/v2\/pages\/8997\/revisions\/9002"}],"wp:attachment":[{"href":"https:\/\/inol.uni.opole.pl\/en\/wp-json\/wp\/v2\/media?parent=8997"}],"curies":[{"name":"wp","href":"https:\/\/api.w.org\/{rel}","templated":true}]}}