  {"id":8988,"date":"2024-05-10T13:23:36","date_gmt":"2024-05-10T11:23:36","guid":{"rendered":"https:\/\/inol.uni.opole.pl\/conferences\/"},"modified":"2026-04-27T12:39:31","modified_gmt":"2026-04-27T10:39:31","slug":"conferences","status":"publish","type":"page","link":"https:\/\/inol.uni.opole.pl\/en\/conferences\/","title":{"rendered":"Conferences"},"content":{"rendered":"\t\t<div data-elementor-type=\"wp-page\" data-elementor-id=\"8988\" class=\"elementor elementor-8988 elementor-4344\" data-elementor-post-type=\"page\">\n\t\t\t\t<div class=\"elementor-element elementor-element-70294bca e-flex e-con-boxed e-con e-parent\" data-id=\"70294bca\" data-element_type=\"container\" data-e-type=\"container\" data-settings=\"{&quot;jet_parallax_layout_list&quot;:[]}\">\n\t\t\t\t\t<div class=\"e-con-inner\">\n\t\t\t\t<div class=\"elementor-element elementor-element-3d8ef62 elementor-widget elementor-widget-heading\" data-id=\"3d8ef62\" data-element_type=\"widget\" data-e-type=\"widget\" data-widget_type=\"heading.default\">\n\t\t\t\t<div class=\"elementor-widget-container\">\n\t\t\t\t\t<h1 class=\"elementor-heading-title elementor-size-default\">Conferences<\/h1>\t\t\t\t<\/div>\n\t\t\t\t<\/div>\n\t\t\t\t\t<\/div>\n\t\t\t\t<\/div>\n\t\t<div class=\"elementor-element elementor-element-50e2946a e-flex e-con-boxed e-con e-parent\" data-id=\"50e2946a\" data-element_type=\"container\" data-e-type=\"container\" data-settings=\"{&quot;jet_parallax_layout_list&quot;:[]}\">\n\t\t\t\t\t<div class=\"e-con-inner\">\n\t\t<div class=\"elementor-element elementor-element-1cd474d e-con-full e-flex e-con e-child\" data-id=\"1cd474d\" data-element_type=\"container\" data-e-type=\"container\" data-settings=\"{&quot;jet_parallax_layout_list&quot;:[]}\">\n\t\t\t\t<div class=\"elementor-element elementor-element-3ac4df1e elementor-widget elementor-widget-image\" data-id=\"3ac4df1e\" data-element_type=\"widget\" data-e-type=\"widget\" data-widget_type=\"image.default\">\n\t\t\t\t<div class=\"elementor-widget-container\">\n\t\t\t\t\t\t\t\t\t\t\t\t\t\t\t<img fetchpriority=\"high\" decoding=\"async\" src=\"https:\/\/inol.uni.opole.pl\/wp-content\/uploads\/sites\/41\/elementor\/thumbs\/IMG_4739-43a-qquei8yrmuyo7gpvoqe9pf5lwnfhwlww6jywfrhnw0.jpg\" alt=\"IMG_4739-43a\" title=\"IMG_4739-43a\" width=\"300\" height=\"184\" \/>\t\t\t\t\t\t\t\t\t\t\t\t\t\t\t<\/div>\n\t\t\t\t<\/div>\n\t\t\t\t<\/div>\n\t\t<div class=\"elementor-element elementor-element-4d5cbc70 e-con-full e-flex e-con e-child\" data-id=\"4d5cbc70\" data-element_type=\"container\" data-e-type=\"container\" data-settings=\"{&quot;jet_parallax_layout_list&quot;:[]}\">\n\t\t\t\t<div class=\"elementor-element elementor-element-16fae362 elementor-widget elementor-widget-text-editor\" data-id=\"16fae362\" data-element_type=\"widget\" data-e-type=\"widget\" data-widget_type=\"text-editor.default\">\n\t\t\t\t<div class=\"elementor-widget-container\">\n\t\t\t\t\t\t\t\t\t<h2>Og\u00f3lnopolska Konferencja Naukowa &#8220;Romantyzm industrialny. Artystyczne przeobra\u017cania obrazu \u015bwiata: 1795-1864. Cz\u0142owiek &#8211; Technika &#8211; Natura<\/h2>\n\t\t\t\t\t\t\t\t<\/div>\n\t\t\t\t<\/div>\n\t\t\t\t<div class=\"elementor-element elementor-element-222e15d5 elementor-widget elementor-widget-text-editor\" data-id=\"222e15d5\" data-element_type=\"widget\" data-e-type=\"widget\" data-widget_type=\"text-editor.default\">\n\t\t\t\t<div class=\"elementor-widget-container\">\n\t\t\t\t\t\t\t\t\t<p>Kiedy:<strong> 27-28 pa\u017cdziernika 2023 r.<br \/><\/strong><\/p>\n<p>Gdzie:<strong> Tarnowskie G\u00f3ry &#8211; Pa\u0142ac w Rybnej &#8211; Zabrze<br \/><\/strong><\/p>\n\t\t\t\t\t\t\t\t<\/div>\n\t\t\t\t<\/div>\n\t\t\t\t<div class=\"elementor-element elementor-element-5c94954a elementor-widget elementor-widget-text-editor\" data-id=\"5c94954a\" data-element_type=\"widget\" data-e-type=\"widget\" data-widget_type=\"text-editor.default\">\n\t\t\t\t<div class=\"elementor-widget-container\">\n\t\t\t\t\t\t\t\t\t<p><a href=\"https:\/\/filologia.uwb.edu.pl\/fcp\/xFBsTMCQZEyUgCg4WSHd4a01VYTZUNlAGDzRMdEFfYHhDGw8jJRRUfHYlC1AX\/_global\/public\/filologia\/2023\/zaproszenie_romantyzm_industrialny.pdf\">https:\/zaproszenie_romantyzm_industrialny.pdf<\/a><\/p>\n\t\t\t\t\t\t\t\t<\/div>\n\t\t\t\t<\/div>\n\t\t\t\t<\/div>\n\t\t\t\t\t<\/div>\n\t\t\t\t<\/div>\n\t\t<div class=\"elementor-element elementor-element-72a8c64c e-flex e-con-boxed e-con e-parent\" data-id=\"72a8c64c\" data-element_type=\"container\" data-e-type=\"container\" data-settings=\"{&quot;jet_parallax_layout_list&quot;:[]}\">\n\t\t\t\t\t<div class=\"e-con-inner\">\n\t\t\t\t\t<\/div>\n\t\t\t\t<\/div>\n\t\t\t\t<\/div>\n\t\t","protected":false},"excerpt":{"rendered":"<p>Conferences Og\u00f3lnopolska Konferencja Naukowa &#8220;Romantyzm industrialny. Artystyczne przeobra\u017cania obrazu \u015bwiata: 1795-1864. Cz\u0142owiek &#8211; Technika &#8211; Natura Kiedy: 27-28 pa\u017cdziernika 2023 r. Gdzie: Tarnowskie G\u00f3ry &#8211; Pa\u0142ac w Rybnej &#8211; Zabrze https:\/zaproszenie_romantyzm_industrialny.pdf<\/p>\n","protected":false},"author":5,"featured_media":0,"parent":0,"menu_order":0,"comment_status":"closed","ping_status":"closed","template":"","meta":{"footnotes":""},"class_list":["post-8988","page","type-page","status-publish","hentry"],"_links":{"self":[{"href":"https:\/\/inol.uni.opole.pl\/en\/wp-json\/wp\/v2\/pages\/8988","targetHints":{"allow":["GET"]}}],"collection":[{"href":"https:\/\/inol.uni.opole.pl\/en\/wp-json\/wp\/v2\/pages"}],"about":[{"href":"https:\/\/inol.uni.opole.pl\/en\/wp-json\/wp\/v2\/types\/page"}],"author":[{"embeddable":true,"href":"https:\/\/inol.uni.opole.pl\/en\/wp-json\/wp\/v2\/users\/5"}],"replies":[{"embeddable":true,"href":"https:\/\/inol.uni.opole.pl\/en\/wp-json\/wp\/v2\/comments?post=8988"}],"version-history":[{"count":1,"href":"https:\/\/inol.uni.opole.pl\/en\/wp-json\/wp\/v2\/pages\/8988\/revisions"}],"predecessor-version":[{"id":8989,"href":"https:\/\/inol.uni.opole.pl\/en\/wp-json\/wp\/v2\/pages\/8988\/revisions\/8989"}],"wp:attachment":[{"href":"https:\/\/inol.uni.opole.pl\/en\/wp-json\/wp\/v2\/media?parent=8988"}],"curies":[{"name":"wp","href":"https:\/\/api.w.org\/{rel}","templated":true}]}}