  {"id":8985,"date":"2024-05-10T13:23:01","date_gmt":"2024-05-10T11:23:01","guid":{"rendered":"https:\/\/inol.uni.opole.pl\/scholarly-journals\/"},"modified":"2026-04-27T12:38:37","modified_gmt":"2026-04-27T10:38:37","slug":"scholarly-journals","status":"publish","type":"page","link":"https:\/\/inol.uni.opole.pl\/en\/scholarly-journals\/","title":{"rendered":"Scholarly journals"},"content":{"rendered":"\t\t<div data-elementor-type=\"wp-page\" data-elementor-id=\"8985\" class=\"elementor elementor-8985 elementor-4338\" data-elementor-post-type=\"page\">\n\t\t\t\t<div class=\"elementor-element elementor-element-7ff7f460 e-flex e-con-boxed e-con e-parent\" data-id=\"7ff7f460\" data-element_type=\"container\" data-e-type=\"container\" data-settings=\"{&quot;jet_parallax_layout_list&quot;:[]}\">\n\t\t\t\t\t<div class=\"e-con-inner\">\n\t\t\t\t<div class=\"elementor-element elementor-element-1b423f71 elementor-widget elementor-widget-heading\" data-id=\"1b423f71\" data-element_type=\"widget\" data-e-type=\"widget\" data-widget_type=\"heading.default\">\n\t\t\t\t<div class=\"elementor-widget-container\">\n\t\t\t\t\t<h1 class=\"elementor-heading-title elementor-size-default\">Scholarly journals<\/h1>\t\t\t\t<\/div>\n\t\t\t\t<\/div>\n\t\t\t\t\t<\/div>\n\t\t\t\t<\/div>\n\t\t<div class=\"elementor-element elementor-element-7b683dd1 e-flex e-con-boxed e-con e-parent\" data-id=\"7b683dd1\" data-element_type=\"container\" data-e-type=\"container\" data-settings=\"{&quot;jet_parallax_layout_list&quot;:[]}\">\n\t\t\t\t\t<div class=\"e-con-inner\">\n\t\t<div class=\"elementor-element elementor-element-5c2336db e-con-full e-flex e-con e-child\" data-id=\"5c2336db\" data-element_type=\"container\" data-e-type=\"container\" data-settings=\"{&quot;jet_parallax_layout_list&quot;:[]}\">\n\t\t\t\t<div class=\"elementor-element elementor-element-25ab3530 elementor-widget elementor-widget-image\" data-id=\"25ab3530\" data-element_type=\"widget\" data-e-type=\"widget\" data-widget_type=\"image.default\">\n\t\t\t\t<div class=\"elementor-widget-container\">\n\t\t\t\t\t\t\t\t\t\t\t\t\t\t\t<img fetchpriority=\"high\" decoding=\"async\" src=\"https:\/\/inol.uni.opole.pl\/wp-content\/uploads\/sites\/41\/elementor\/thumbs\/Explorations_Cover_Vol10-212x300-1-qqudhfmbygkdha70ntib1plobcvyfdrd4c49rm2tg0.jpg\" alt=\"Explorations_Cover_Vol10-212x300\" title=\"Explorations_Cover_Vol10-212&#215;300\" width=\"300\" height=\"424\" \/>\t\t\t\t\t\t\t\t\t\t\t\t\t\t\t<\/div>\n\t\t\t\t<\/div>\n\t\t\t\t<\/div>\n\t\t<div class=\"elementor-element elementor-element-2bebc09c e-con-full e-flex e-con e-child\" data-id=\"2bebc09c\" data-element_type=\"container\" data-e-type=\"container\" data-settings=\"{&quot;jet_parallax_layout_list&quot;:[]}\">\n\t\t\t\t<div class=\"elementor-element elementor-element-d624257 elementor-widget elementor-widget-text-editor\" data-id=\"d624257\" data-element_type=\"widget\" data-e-type=\"widget\" data-widget_type=\"text-editor.default\">\n\t\t\t\t<div class=\"elementor-widget-container\">\n\t\t\t\t\t\t\t\t\t<p><strong>ISSN 2353-6969<\/strong><\/p>\n\t\t\t\t\t\t\t\t<\/div>\n\t\t\t\t<\/div>\n\t\t\t\t<div class=\"elementor-element elementor-element-473215b4 elementor-widget elementor-widget-text-editor\" data-id=\"473215b4\" data-element_type=\"widget\" data-e-type=\"widget\" data-widget_type=\"text-editor.default\">\n\t\t\t\t<div class=\"elementor-widget-container\">\n\t\t\t\t\t\t\t\t\t<p>Explorations<\/p>\n\t\t\t\t\t\t\t\t<\/div>\n\t\t\t\t<\/div>\n\t\t\t\t<div class=\"elementor-element elementor-element-4390b26d elementor-widget elementor-widget-text-editor\" data-id=\"4390b26d\" data-element_type=\"widget\" data-e-type=\"widget\" data-widget_type=\"text-editor.default\">\n\t\t\t\t<div class=\"elementor-widget-container\">\n\t\t\t\t\t\t\t\t\t<p>Explorations is a double-blind peer-refereed open-access online journal published by University of Opole, Poland. It provides a forum that invites a wide range of original articles dealing with all aspects of the English language, English language literatures, and their teaching in tertiary academic contexts. It is thus dedicated to promoting exchange of ideas among English department teachers, scholars and researchers worldwide.<\/p>\n<p>The journal is divided into two sections: linguistic and literary. For the language section, we welcome contributions with a theoretical, empirical or applied focus employing a wide variety of approaches and methodologies. We invite articles which in exploring language and language pedagogy go beyond the formal and cognitivist paradigms, and are inspired by socially informed theories of language. We also welcome papers dealing with theoretical and applied translation studies. In the literature section we are interested in maintaining a broad debate on problems of the Western humanities in the last three centuries and welcome contributions that provide innovative interpretations and revaluations of what has been happening in culture and literature since the beginning of the XVIII century and up to the present moment.<\/p>\n<p>The journal places a high premium on readability and wants to focus on discussions of issues that prove to be influential in English studies and operative in contemporary culture. It aims at including a wide spectrum of disciplinary, cultural and theoretical perspectives, and encourages their plurivocal developments. In addition to original articles, we will publish reviews of current publications in the field of the English language, English language literatures, and their teaching in academic contexts.<\/p>\n<p>Publisher: University of Opole, Poland<\/p>\n<p><a href=\"https:\/\/www.explorations.uni.opole.pl\/\">https:\/\/www.explorations.uni.opole.pl\/<\/a><\/p>\n\t\t\t\t\t\t\t\t<\/div>\n\t\t\t\t<\/div>\n\t\t\t\t<\/div>\n\t\t\t\t\t<\/div>\n\t\t\t\t<\/div>\n\t\t<div class=\"elementor-element elementor-element-5039e990 e-flex e-con-boxed e-con e-parent\" data-id=\"5039e990\" data-element_type=\"container\" data-e-type=\"container\" data-settings=\"{&quot;jet_parallax_layout_list&quot;:[]}\">\n\t\t\t\t\t<div class=\"e-con-inner\">\n\t\t\t\t\t<\/div>\n\t\t\t\t<\/div>\n\t\t<div class=\"elementor-element elementor-element-357a064d e-flex e-con-boxed e-con e-parent\" data-id=\"357a064d\" data-element_type=\"container\" data-e-type=\"container\" data-settings=\"{&quot;jet_parallax_layout_list&quot;:[]}\">\n\t\t\t\t\t<div class=\"e-con-inner\">\n\t\t<div class=\"elementor-element elementor-element-6ccb54ba e-con-full e-flex e-con e-child\" data-id=\"6ccb54ba\" data-element_type=\"container\" data-e-type=\"container\" data-settings=\"{&quot;jet_parallax_layout_list&quot;:[]}\">\n\t\t\t\t<div class=\"elementor-element elementor-element-553f0b2c elementor-widget elementor-widget-image\" data-id=\"553f0b2c\" data-element_type=\"widget\" data-e-type=\"widget\" data-widget_type=\"image.default\">\n\t\t\t\t<div class=\"elementor-widget-container\">\n\t\t\t\t\t\t\t\t\t\t\t\t\t\t\t<img decoding=\"async\" src=\"https:\/\/inol.uni.opole.pl\/wp-content\/uploads\/sites\/41\/elementor\/thumbs\/Literaport-qque3nizigzdxfx3wx9thlqxu9dbdsyxubah634qtm.jpg\" alt=\"Literaport\" title=\"Literaport\" width=\"300\" height=\"225\" \/>\t\t\t\t\t\t\t\t\t\t\t\t\t\t\t<\/div>\n\t\t\t\t<\/div>\n\t\t\t\t<\/div>\n\t\t<div class=\"elementor-element elementor-element-27fa3376 e-con-full e-flex e-con e-child\" data-id=\"27fa3376\" data-element_type=\"container\" data-e-type=\"container\" data-settings=\"{&quot;jet_parallax_layout_list&quot;:[]}\">\n\t\t\t\t<div class=\"elementor-element elementor-element-3a12240a elementor-widget elementor-widget-text-editor\" data-id=\"3a12240a\" data-element_type=\"widget\" data-e-type=\"widget\" data-widget_type=\"text-editor.default\">\n\t\t\t\t<div class=\"elementor-widget-container\">\n\t\t\t\t\t\t\t\t\t<p>Literaport<\/p>\n\t\t\t\t\t\t\t\t<\/div>\n\t\t\t\t<\/div>\n\t\t\t\t<div class=\"elementor-element elementor-element-3502f3b elementor-widget elementor-widget-text-editor\" data-id=\"3502f3b\" data-element_type=\"widget\" data-e-type=\"widget\" data-widget_type=\"text-editor.default\">\n\t\t\t\t<div class=\"elementor-widget-container\">\n\t\t\t\t\t\t\t\t\t<p><strong>ISSN 2392-0637<\/strong><\/p>\n\t\t\t\t\t\t\t\t<\/div>\n\t\t\t\t<\/div>\n\t\t\t\t<div class=\"elementor-element elementor-element-687220a9 elementor-widget elementor-widget-text-editor\" data-id=\"687220a9\" data-element_type=\"widget\" data-e-type=\"widget\" data-widget_type=\"text-editor.default\">\n\t\t\t\t<div class=\"elementor-widget-container\">\n\t\t\t\t\t\t\t\t\t<h1 class=\"entry-title main_title\">Profil de la revue<\/h1>\n<div class=\"entry-content\">\n<p><strong><em>Literaport <\/em><\/strong>est une revue annuelle de literature fran\u00e7aise et francophone publi\u00e9 par la Chaire de litt\u00e9ratures fran\u00e7aise et francophone de l\u2019Universit\u00e9 d\u2019Opole. Elle offre un espace de r\u00e9flexion aux auteurs polonais et \u00e9trangers d\u2019expression fran\u00e7aise, aussi bien aux chercheurs connus qu\u2019aux doctorants et jeunes adeptes de la recherche litt\u00e9raire. Fond\u00e9e en 2014, elle avait d\u2019abord le statut d\u2019une s\u00e9rie monographique\u00a0; transform\u00e9e en revue (2019), elle attend actuellement son entr\u00e9e dans la liste officielle des revues publi\u00e9e par le Minist\u00e8re de l\u2019\u00e9ducation nationale et de la recherche.<\/p>\n<p><strong><em>Literaport <\/em><\/strong>se veut une revue litt\u00e9raire universelle. Nous acceptons les textes concernant toutes les litt\u00e9ratures d\u2019expression fran\u00e7aise, portant sur toutes les p\u00e9riodes de l\u2019histoire litt\u00e9raire, sans limites temporelles. Chaque num\u00e9ro \u00e9tant d\u00e9di\u00e9 \u00e0 une th\u00e9matique diff\u00e9rente, nous proposons, avec chaque th\u00e8me abord\u00e9, des pistes de r\u00e9flexion tr\u00e8s vari\u00e9es, permettant une aproche critique inter- et transdisciplinaire \u00e0 travers les diverses branches des sciences humaines. Les th\u00e8mes des num\u00e9ros respectifs, de 2014 \u00e0 2020, sont les suivants\u00a0:<\/p>\n<\/div>\n<p><a href=\"https:\/\/literaport.wfil.uni.opole.pl\/\">https:\/\/literaport.wfil.uni.opole.pl\/<\/a><\/p>\n\t\t\t\t\t\t\t\t<\/div>\n\t\t\t\t<\/div>\n\t\t\t\t<\/div>\n\t\t\t\t\t<\/div>\n\t\t\t\t<\/div>\n\t\t<div class=\"elementor-element elementor-element-1f64cf80 e-flex e-con-boxed e-con e-parent\" data-id=\"1f64cf80\" data-element_type=\"container\" data-e-type=\"container\" data-settings=\"{&quot;jet_parallax_layout_list&quot;:[]}\">\n\t\t\t\t\t<div class=\"e-con-inner\">\n\t\t\t\t\t<\/div>\n\t\t\t\t<\/div>\n\t\t\t\t<\/div>\n\t\t","protected":false},"excerpt":{"rendered":"<p>Scholarly journals ISSN 2353-6969 Explorations Explorations is a double-blind peer-refereed open-access online journal published by University of Opole, Poland. It provides a forum that invites a wide range of original articles dealing with all aspects of the English language, English language literatures, and their teaching in tertiary academic contexts. It is thus dedicated to promoting [&hellip;]<\/p>\n","protected":false},"author":5,"featured_media":0,"parent":0,"menu_order":0,"comment_status":"closed","ping_status":"closed","template":"","meta":{"footnotes":""},"class_list":["post-8985","page","type-page","status-publish","hentry"],"_links":{"self":[{"href":"https:\/\/inol.uni.opole.pl\/en\/wp-json\/wp\/v2\/pages\/8985","targetHints":{"allow":["GET"]}}],"collection":[{"href":"https:\/\/inol.uni.opole.pl\/en\/wp-json\/wp\/v2\/pages"}],"about":[{"href":"https:\/\/inol.uni.opole.pl\/en\/wp-json\/wp\/v2\/types\/page"}],"author":[{"embeddable":true,"href":"https:\/\/inol.uni.opole.pl\/en\/wp-json\/wp\/v2\/users\/5"}],"replies":[{"embeddable":true,"href":"https:\/\/inol.uni.opole.pl\/en\/wp-json\/wp\/v2\/comments?post=8985"}],"version-history":[{"count":1,"href":"https:\/\/inol.uni.opole.pl\/en\/wp-json\/wp\/v2\/pages\/8985\/revisions"}],"predecessor-version":[{"id":8986,"href":"https:\/\/inol.uni.opole.pl\/en\/wp-json\/wp\/v2\/pages\/8985\/revisions\/8986"}],"wp:attachment":[{"href":"https:\/\/inol.uni.opole.pl\/en\/wp-json\/wp\/v2\/media?parent=8985"}],"curies":[{"name":"wp","href":"https:\/\/api.w.org\/{rel}","templated":true}]}}