  {"id":8947,"date":"2024-05-10T13:19:31","date_gmt":"2024-05-10T11:19:31","guid":{"rendered":"https:\/\/inol.uni.opole.pl\/institute-council\/"},"modified":"2026-04-27T12:12:45","modified_gmt":"2026-04-27T10:12:45","slug":"institute-council","status":"publish","type":"page","link":"https:\/\/inol.uni.opole.pl\/en\/institute-council\/","title":{"rendered":"Institute council"},"content":{"rendered":"\t\t<div data-elementor-type=\"wp-page\" data-elementor-id=\"8947\" class=\"elementor elementor-8947 elementor-5959\" data-elementor-post-type=\"page\">\n\t\t\t\t<div class=\"elementor-element elementor-element-1bd46d3a e-flex e-con-boxed e-con e-parent\" data-id=\"1bd46d3a\" data-element_type=\"container\" data-e-type=\"container\" data-settings=\"{&quot;jet_parallax_layout_list&quot;:[]}\">\n\t\t\t\t\t<div class=\"e-con-inner\">\n\t\t\t\t<div class=\"elementor-element elementor-element-76e0e940 elementor-widget elementor-widget-heading\" data-id=\"76e0e940\" data-element_type=\"widget\" data-e-type=\"widget\" data-widget_type=\"heading.default\">\n\t\t\t\t<div class=\"elementor-widget-container\">\n\t\t\t\t\t<h1 class=\"elementor-heading-title elementor-size-default\">Institute council<\/h1>\t\t\t\t<\/div>\n\t\t\t\t<\/div>\n\t\t\t\t\t<\/div>\n\t\t\t\t<\/div>\n\t\t<div class=\"elementor-element elementor-element-66d5343c e-flex e-con-boxed e-con e-parent\" data-id=\"66d5343c\" data-element_type=\"container\" data-e-type=\"container\" data-settings=\"{&quot;jet_parallax_layout_list&quot;:[]}\">\n\t\t\t\t\t<div class=\"e-con-inner\">\n\t\t\t\t<div class=\"elementor-element elementor-element-3d9f1d4c elementor-widget elementor-widget-heading\" data-id=\"3d9f1d4c\" data-element_type=\"widget\" data-e-type=\"widget\" data-widget_type=\"heading.default\">\n\t\t\t\t<div class=\"elementor-widget-container\">\n\t\t\t\t\t<p class=\"elementor-heading-title elementor-size-default\">Institute council for the years 2024-2028<\/p>\t\t\t\t<\/div>\n\t\t\t\t<\/div>\n\t\t\t\t\t<\/div>\n\t\t\t\t<\/div>\n\t\t<div class=\"elementor-element elementor-element-685841f0 e-flex e-con-boxed e-con e-parent\" data-id=\"685841f0\" data-element_type=\"container\" data-e-type=\"container\" data-settings=\"{&quot;jet_parallax_layout_list&quot;:[]}\">\n\t\t\t\t\t<div class=\"e-con-inner\">\n\t\t<div class=\"elementor-element elementor-element-2a206e6b e-flex e-con-boxed e-con e-child\" data-id=\"2a206e6b\" data-element_type=\"container\" data-e-type=\"container\" data-settings=\"{&quot;jet_parallax_layout_list&quot;:[]}\">\n\t\t\t\t\t<div class=\"e-con-inner\">\n\t\t\t\t<div class=\"elementor-element elementor-element-29ee238 elementor-widget elementor-widget-text-editor\" data-id=\"29ee238\" data-element_type=\"widget\" data-e-type=\"widget\" data-widget_type=\"text-editor.default\">\n\t\t\t\t<div class=\"elementor-widget-container\">\n\t\t\t\t\t\t\t\t\t<p><strong>Chairman of the Institute council:<\/strong><\/p>\n<p>dr hab. Pawe\u0142 Marcinkiewicz, prof. UO<\/p>\n<p><strong>Members of the Institute council:<\/strong><\/p>\n<p>prof. dr hab. Sabina Brzozowska-Dybizba\u0144ska<br \/>prof. dr hab. Joanna Czapli\u0144ska<br \/>prof. dr hab. Marek Dybizba\u0144ski<br \/>prof. dr hab. Miros\u0142aw Lenart<br \/>prof. dr hab. Aneta Mazur<br \/>prof. dr hab. Krystyna Modrzejewska<br \/>prof. dr hab. Andrea Rudolph<br \/>prof. dr hab. Ryszard Wolny<br \/>dr hab. Adrian Gle\u0144, prof. UO<br \/>dr hab. Jacek Gutorow, prof. UO<br \/>dr hab. Gabriela Jelitto-Piechulik, prof. UO<br \/>dr hab. Anna Kaczmarek-Wi\u015bniewska, prof. UO<br \/>dr hab. Anna Ledwina, prof. UO<br \/>dr hab. Aleksandra Paj\u0105k-G\u0142ogiewicz, prof. UO<br \/>dr hab. Daniel Pietrek, prof. UO<br \/>dr hab. Maria Rowi\u0144ska-Szczepaniak, prof. UO<br \/>dr hab. Joanna Skolik, prof. UO<br \/>dr hab. Klara Szma\u0144ko, prof. UO<\/p>\n<p>dr Agnieszka Klimas<br \/>dr Tomasz Wielg<\/p>\n<p><a href=\"https:\/\/monitor.uni.opole.pl\/wp-content\/uploads\/ZR_80_2024-powolanie-RI-NoL-2024-2028.pdf\">Zarz\u0105dzenie rektora ws. powo\u0142ania rady<\/a><\/p>\n\t\t\t\t\t\t\t\t<\/div>\n\t\t\t\t<\/div>\n\t\t\t\t\t<\/div>\n\t\t\t\t<\/div>\n\t\t\t\t\t<\/div>\n\t\t\t\t<\/div>\n\t\t<div class=\"elementor-element elementor-element-7641225 e-flex e-con-boxed e-con e-parent\" data-id=\"7641225\" data-element_type=\"container\" data-e-type=\"container\" data-settings=\"{&quot;jet_parallax_layout_list&quot;:[]}\">\n\t\t\t\t\t<div class=\"e-con-inner\">\n\t\t\t\t\t<\/div>\n\t\t\t\t<\/div>\n\t\t\t\t<\/div>\n\t\t","protected":false},"excerpt":{"rendered":"<p>Institute council Institute council for the years 2024-2028 Chairman of the Institute council: dr hab. Pawe\u0142 Marcinkiewicz, prof. UO Members of the Institute council: prof. dr hab. Sabina Brzozowska-Dybizba\u0144skaprof. dr hab. Joanna Czapli\u0144skaprof. dr hab. Marek Dybizba\u0144skiprof. dr hab. Miros\u0142aw Lenartprof. dr hab. Aneta Mazurprof. dr hab. Krystyna Modrzejewskaprof. dr hab. Andrea Rudolphprof. dr hab. [&hellip;]<\/p>\n","protected":false},"author":5,"featured_media":0,"parent":0,"menu_order":0,"comment_status":"closed","ping_status":"closed","template":"","meta":{"footnotes":""},"class_list":["post-8947","page","type-page","status-publish","hentry"],"_links":{"self":[{"href":"https:\/\/inol.uni.opole.pl\/en\/wp-json\/wp\/v2\/pages\/8947","targetHints":{"allow":["GET"]}}],"collection":[{"href":"https:\/\/inol.uni.opole.pl\/en\/wp-json\/wp\/v2\/pages"}],"about":[{"href":"https:\/\/inol.uni.opole.pl\/en\/wp-json\/wp\/v2\/types\/page"}],"author":[{"embeddable":true,"href":"https:\/\/inol.uni.opole.pl\/en\/wp-json\/wp\/v2\/users\/5"}],"replies":[{"embeddable":true,"href":"https:\/\/inol.uni.opole.pl\/en\/wp-json\/wp\/v2\/comments?post=8947"}],"version-history":[{"count":1,"href":"https:\/\/inol.uni.opole.pl\/en\/wp-json\/wp\/v2\/pages\/8947\/revisions"}],"predecessor-version":[{"id":8948,"href":"https:\/\/inol.uni.opole.pl\/en\/wp-json\/wp\/v2\/pages\/8947\/revisions\/8948"}],"wp:attachment":[{"href":"https:\/\/inol.uni.opole.pl\/en\/wp-json\/wp\/v2\/media?parent=8947"}],"curies":[{"name":"wp","href":"https:\/\/api.w.org\/{rel}","templated":true}]}}